{"id":2438,"date":"2022-07-24T21:42:01","date_gmt":"2022-07-25T00:42:01","guid":{"rendered":"https:\/\/solvefortomorrowlatam.com\/faq\/"},"modified":"2023-02-02T15:25:53","modified_gmt":"2023-02-02T18:25:53","slug":"faq","status":"publish","type":"page","link":"https:\/\/solvefortomorrowlatam.com\/en\/faq\/","title":{"rendered":"FAQ"},"content":{"rendered":"\n<p>Clear your doubts about the <strong>Samsung Solve for Tomorrow<\/strong> program. If your doubt is not in this FAQ, please visit the program page in your country.<\/p>\n","protected":false},"excerpt":{"rendered":"<p>Clear your doubts about the Samsung Solve for Tomorrow program. If your doubt is not in this FAQ, please visit the program page in your country.<\/p>\n","protected":false},"author":1,"featured_media":5686,"parent":0,"menu_order":0,"comment_status":"closed","ping_status":"closed","template":"template-faq.php","meta":{"_acf_changed":false,"footnotes":""},"class_list":["post-2438","page","type-page","status-publish","has-post-thumbnail","hentry"],"acf":[],"yoast_head":"<!-- This site is optimized with the Yoast SEO plugin v27.1.1 - https:\/\/yoast.com\/product\/yoast-seo-wordpress\/ -->\n<title>Questions and answers - Solve for Tomorrow Latin America<\/title>\n<meta name=\"description\" content=\"Understand better how the Solve for Tomorrow program works in Latin America.\" \/>\n<meta name=\"robots\" content=\"index, follow, max-snippet:-1, max-image-preview:large, max-video-preview:-1\" \/>\n<link rel=\"canonical\" href=\"https:\/\/solvefortomorrowlatam.com\/en\/faq\/\" \/>\n<meta property=\"og:locale\" content=\"en_US\" \/>\n<meta property=\"og:type\" content=\"article\" \/>\n<meta property=\"og:title\" content=\"Questions and answers - Solve for Tomorrow Latin America\" \/>\n<meta property=\"og:description\" content=\"Understand better how the Solve for Tomorrow program works in Latin America.\" \/>\n<meta property=\"og:url\" content=\"https:\/\/solvefortomorrowlatam.com\/en\/faq\/\" \/>\n<meta property=\"og:site_name\" content=\"Solve for Tomorrow Latam\" \/>\n<meta property=\"article:modified_time\" content=\"2023-02-02T18:25:53+00:00\" \/>\n<meta property=\"og:image\" content=\"https:\/\/solvefortomorrowlatam.com\/wp-content\/uploads\/2022\/12\/logo-thumb.png\" \/>\n\t<meta property=\"og:image:width\" content=\"700\" \/>\n\t<meta property=\"og:image:height\" content=\"801\" \/>\n\t<meta property=\"og:image:type\" content=\"image\/png\" \/>\n<meta name=\"twitter:card\" content=\"summary_large_image\" \/>\n<meta name=\"twitter:label1\" content=\"Est. reading time\" \/>\n\t<meta name=\"twitter:data1\" content=\"1 minute\" \/>\n<script type=\"application\/ld+json\" class=\"yoast-schema-graph\">{\"@context\":\"https:\/\/schema.org\",\"@graph\":[{\"@type\":\"WebPage\",\"@id\":\"https:\/\/solvefortomorrowlatam.com\/en\/faq\/\",\"url\":\"https:\/\/solvefortomorrowlatam.com\/en\/faq\/\",\"name\":\"Questions and answers - Solve for Tomorrow Latin America\",\"isPartOf\":{\"@id\":\"https:\/\/solvefortomorrowlatam.com\/en\/#website\"},\"primaryImageOfPage\":{\"@id\":\"https:\/\/solvefortomorrowlatam.com\/en\/faq\/#primaryimage\"},\"image\":{\"@id\":\"https:\/\/solvefortomorrowlatam.com\/en\/faq\/#primaryimage\"},\"thumbnailUrl\":\"https:\/\/solvefortomorrowlatam.com\/wp-content\/uploads\/2022\/12\/logo-thumb.png\",\"datePublished\":\"2022-07-25T00:42:01+00:00\",\"dateModified\":\"2023-02-02T18:25:53+00:00\",\"description\":\"Understand better how the Solve for Tomorrow program works in Latin America.\",\"breadcrumb\":{\"@id\":\"https:\/\/solvefortomorrowlatam.com\/en\/faq\/#breadcrumb\"},\"inLanguage\":\"en-US\",\"potentialAction\":[{\"@type\":\"ReadAction\",\"target\":[\"https:\/\/solvefortomorrowlatam.com\/en\/faq\/\"]}]},{\"@type\":\"ImageObject\",\"inLanguage\":\"en-US\",\"@id\":\"https:\/\/solvefortomorrowlatam.com\/en\/faq\/#primaryimage\",\"url\":\"https:\/\/solvefortomorrowlatam.com\/wp-content\/uploads\/2022\/12\/logo-thumb.png\",\"contentUrl\":\"https:\/\/solvefortomorrowlatam.com\/wp-content\/uploads\/2022\/12\/logo-thumb.png\",\"width\":700,\"height\":801,\"caption\":\"Aprendizagem baseada em projetos - STEM EDUCATION\"},{\"@type\":\"BreadcrumbList\",\"@id\":\"https:\/\/solvefortomorrowlatam.com\/en\/faq\/#breadcrumb\",\"itemListElement\":[{\"@type\":\"ListItem\",\"position\":1,\"name\":\"Home\",\"item\":\"https:\/\/solvefortomorrowlatam.com\/en\/\"},{\"@type\":\"ListItem\",\"position\":2,\"name\":\"FAQ\"}]},{\"@type\":\"WebSite\",\"@id\":\"https:\/\/solvefortomorrowlatam.com\/en\/#website\",\"url\":\"https:\/\/solvefortomorrowlatam.com\/en\/\",\"name\":\"Solve for Tomorrow Latam\",\"description\":\"A\u00e7\u00f5es educativas para empoderar jovens na transforma\u00e7\u00e3o da sociedade\",\"publisher\":{\"@id\":\"https:\/\/solvefortomorrowlatam.com\/en\/#organization\"},\"potentialAction\":[{\"@type\":\"SearchAction\",\"target\":{\"@type\":\"EntryPoint\",\"urlTemplate\":\"https:\/\/solvefortomorrowlatam.com\/en\/?s={search_term_string}\"},\"query-input\":{\"@type\":\"PropertyValueSpecification\",\"valueRequired\":true,\"valueName\":\"search_term_string\"}}],\"inLanguage\":\"en-US\"},{\"@type\":\"Organization\",\"@id\":\"https:\/\/solvefortomorrowlatam.com\/en\/#organization\",\"name\":\"Samsung Solve for Tomorrow Latam\",\"url\":\"https:\/\/solvefortomorrowlatam.com\/en\/\",\"logo\":{\"@type\":\"ImageObject\",\"inLanguage\":\"en-US\",\"@id\":\"https:\/\/solvefortomorrowlatam.com\/en\/#\/schema\/logo\/image\/\",\"url\":\"https:\/\/solvefortomorrowlatam.com\/wp-content\/uploads\/2022\/08\/cropped-favicon.png\",\"contentUrl\":\"https:\/\/solvefortomorrowlatam.com\/wp-content\/uploads\/2022\/08\/cropped-favicon.png\",\"width\":512,\"height\":512,\"caption\":\"Samsung Solve for Tomorrow Latam\"},\"image\":{\"@id\":\"https:\/\/solvefortomorrowlatam.com\/en\/#\/schema\/logo\/image\/\"}}]}<\/script>\n<!-- \/ Yoast SEO plugin. -->","yoast_head_json":{"title":"Questions and answers - Solve for Tomorrow Latin America","description":"Understand better how the Solve for Tomorrow program works in Latin America.","robots":{"index":"index","follow":"follow","max-snippet":"max-snippet:-1","max-image-preview":"max-image-preview:large","max-video-preview":"max-video-preview:-1"},"canonical":"https:\/\/solvefortomorrowlatam.com\/en\/faq\/","og_locale":"en_US","og_type":"article","og_title":"Questions and answers - Solve for Tomorrow Latin America","og_description":"Understand better how the Solve for Tomorrow program works in Latin America.","og_url":"https:\/\/solvefortomorrowlatam.com\/en\/faq\/","og_site_name":"Solve for Tomorrow Latam","article_modified_time":"2023-02-02T18:25:53+00:00","og_image":[{"width":700,"height":801,"url":"https:\/\/solvefortomorrowlatam.com\/wp-content\/uploads\/2022\/12\/logo-thumb.png","type":"image\/png"}],"twitter_card":"summary_large_image","twitter_misc":{"Est. reading time":"1 minute"},"schema":{"@context":"https:\/\/schema.org","@graph":[{"@type":"WebPage","@id":"https:\/\/solvefortomorrowlatam.com\/en\/faq\/","url":"https:\/\/solvefortomorrowlatam.com\/en\/faq\/","name":"Questions and answers - Solve for Tomorrow Latin America","isPartOf":{"@id":"https:\/\/solvefortomorrowlatam.com\/en\/#website"},"primaryImageOfPage":{"@id":"https:\/\/solvefortomorrowlatam.com\/en\/faq\/#primaryimage"},"image":{"@id":"https:\/\/solvefortomorrowlatam.com\/en\/faq\/#primaryimage"},"thumbnailUrl":"https:\/\/solvefortomorrowlatam.com\/wp-content\/uploads\/2022\/12\/logo-thumb.png","datePublished":"2022-07-25T00:42:01+00:00","dateModified":"2023-02-02T18:25:53+00:00","description":"Understand better how the Solve for Tomorrow program works in Latin America.","breadcrumb":{"@id":"https:\/\/solvefortomorrowlatam.com\/en\/faq\/#breadcrumb"},"inLanguage":"en-US","potentialAction":[{"@type":"ReadAction","target":["https:\/\/solvefortomorrowlatam.com\/en\/faq\/"]}]},{"@type":"ImageObject","inLanguage":"en-US","@id":"https:\/\/solvefortomorrowlatam.com\/en\/faq\/#primaryimage","url":"https:\/\/solvefortomorrowlatam.com\/wp-content\/uploads\/2022\/12\/logo-thumb.png","contentUrl":"https:\/\/solvefortomorrowlatam.com\/wp-content\/uploads\/2022\/12\/logo-thumb.png","width":700,"height":801,"caption":"Aprendizagem baseada em projetos - STEM EDUCATION"},{"@type":"BreadcrumbList","@id":"https:\/\/solvefortomorrowlatam.com\/en\/faq\/#breadcrumb","itemListElement":[{"@type":"ListItem","position":1,"name":"Home","item":"https:\/\/solvefortomorrowlatam.com\/en\/"},{"@type":"ListItem","position":2,"name":"FAQ"}]},{"@type":"WebSite","@id":"https:\/\/solvefortomorrowlatam.com\/en\/#website","url":"https:\/\/solvefortomorrowlatam.com\/en\/","name":"Solve for Tomorrow Latam","description":"A\u00e7\u00f5es educativas para empoderar jovens na transforma\u00e7\u00e3o da sociedade","publisher":{"@id":"https:\/\/solvefortomorrowlatam.com\/en\/#organization"},"potentialAction":[{"@type":"SearchAction","target":{"@type":"EntryPoint","urlTemplate":"https:\/\/solvefortomorrowlatam.com\/en\/?s={search_term_string}"},"query-input":{"@type":"PropertyValueSpecification","valueRequired":true,"valueName":"search_term_string"}}],"inLanguage":"en-US"},{"@type":"Organization","@id":"https:\/\/solvefortomorrowlatam.com\/en\/#organization","name":"Samsung Solve for Tomorrow Latam","url":"https:\/\/solvefortomorrowlatam.com\/en\/","logo":{"@type":"ImageObject","inLanguage":"en-US","@id":"https:\/\/solvefortomorrowlatam.com\/en\/#\/schema\/logo\/image\/","url":"https:\/\/solvefortomorrowlatam.com\/wp-content\/uploads\/2022\/08\/cropped-favicon.png","contentUrl":"https:\/\/solvefortomorrowlatam.com\/wp-content\/uploads\/2022\/08\/cropped-favicon.png","width":512,"height":512,"caption":"Samsung Solve for Tomorrow Latam"},"image":{"@id":"https:\/\/solvefortomorrowlatam.com\/en\/#\/schema\/logo\/image\/"}}]}},"_links":{"self":[{"href":"https:\/\/solvefortomorrowlatam.com\/en\/wp-json\/wp\/v2\/pages\/2438","targetHints":{"allow":["GET"]}}],"collection":[{"href":"https:\/\/solvefortomorrowlatam.com\/en\/wp-json\/wp\/v2\/pages"}],"about":[{"href":"https:\/\/solvefortomorrowlatam.com\/en\/wp-json\/wp\/v2\/types\/page"}],"author":[{"embeddable":true,"href":"https:\/\/solvefortomorrowlatam.com\/en\/wp-json\/wp\/v2\/users\/1"}],"replies":[{"embeddable":true,"href":"https:\/\/solvefortomorrowlatam.com\/en\/wp-json\/wp\/v2\/comments?post=2438"}],"version-history":[{"count":0,"href":"https:\/\/solvefortomorrowlatam.com\/en\/wp-json\/wp\/v2\/pages\/2438\/revisions"}],"wp:featuredmedia":[{"embeddable":true,"href":"https:\/\/solvefortomorrowlatam.com\/en\/wp-json\/wp\/v2\/media\/5686"}],"wp:attachment":[{"href":"https:\/\/solvefortomorrowlatam.com\/en\/wp-json\/wp\/v2\/media?parent=2438"}],"curies":[{"name":"wp","href":"https:\/\/api.w.org\/{rel}","templated":true}]}}