{"id":2443,"date":"2022-07-24T19:31:52","date_gmt":"2022-07-24T22:31:52","guid":{"rendered":"https:\/\/solvefortomorrowlatam.com\/glossario\/"},"modified":"2022-09-15T18:06:25","modified_gmt":"2022-09-15T21:06:25","slug":"glossary","status":"publish","type":"page","link":"https:\/\/solvefortomorrowlatam.com\/en\/glossary\/","title":{"rendered":"Glossary"},"content":{"rendered":"\n<p>Learn more about STEM with entries that seamlessly connect concepts from science and pedagogy to the practice of the <strong>Samsung Solve for Tomorrow<\/strong> program.<\/p>\n","protected":false},"excerpt":{"rendered":"<p>Learn more about STEM with entries that seamlessly connect concepts from science and pedagogy to the practice of the Samsung Solve for Tomorrow program.<\/p>\n","protected":false},"author":1,"featured_media":0,"parent":0,"menu_order":0,"comment_status":"closed","ping_status":"closed","template":"template-glossario.php","meta":{"_acf_changed":false,"footnotes":""},"class_list":["post-2443","page","type-page","status-publish","hentry"],"acf":[],"yoast_head":"<!-- This site is optimized with the Yoast SEO plugin v27.1.1 - https:\/\/yoast.com\/product\/yoast-seo-wordpress\/ -->\n<title>Glossary | Solve for Tomorrow Latam<\/title>\n<meta name=\"robots\" content=\"index, follow, max-snippet:-1, max-image-preview:large, max-video-preview:-1\" \/>\n<link rel=\"canonical\" href=\"https:\/\/solvefortomorrowlatam.com\/en\/glossary\/\" \/>\n<meta property=\"og:locale\" content=\"en_US\" \/>\n<meta property=\"og:type\" content=\"article\" \/>\n<meta property=\"og:title\" content=\"Glossary | Solve for Tomorrow Latam\" \/>\n<meta property=\"og:description\" content=\"Learn more about STEM with entries that seamlessly connect concepts from science and pedagogy to the practice of the Samsung Solve for Tomorrow program.\" \/>\n<meta property=\"og:url\" content=\"https:\/\/solvefortomorrowlatam.com\/en\/glossary\/\" \/>\n<meta property=\"og:site_name\" content=\"Solve for Tomorrow Latam\" \/>\n<meta property=\"article:modified_time\" content=\"2022-09-15T21:06:25+00:00\" \/>\n<meta name=\"twitter:card\" content=\"summary_large_image\" \/>\n<meta name=\"twitter:label1\" content=\"Est. reading time\" \/>\n\t<meta name=\"twitter:data1\" content=\"1 minute\" \/>\n<script type=\"application\/ld+json\" class=\"yoast-schema-graph\">{\"@context\":\"https:\/\/schema.org\",\"@graph\":[{\"@type\":\"WebPage\",\"@id\":\"https:\/\/solvefortomorrowlatam.com\/en\/glossary\/\",\"url\":\"https:\/\/solvefortomorrowlatam.com\/en\/glossary\/\",\"name\":\"Glossary | Solve for Tomorrow Latam\",\"isPartOf\":{\"@id\":\"https:\/\/solvefortomorrowlatam.com\/en\/#website\"},\"datePublished\":\"2022-07-24T22:31:52+00:00\",\"dateModified\":\"2022-09-15T21:06:25+00:00\",\"breadcrumb\":{\"@id\":\"https:\/\/solvefortomorrowlatam.com\/en\/glossary\/#breadcrumb\"},\"inLanguage\":\"en-US\",\"potentialAction\":[{\"@type\":\"ReadAction\",\"target\":[\"https:\/\/solvefortomorrowlatam.com\/en\/glossary\/\"]}]},{\"@type\":\"BreadcrumbList\",\"@id\":\"https:\/\/solvefortomorrowlatam.com\/en\/glossary\/#breadcrumb\",\"itemListElement\":[{\"@type\":\"ListItem\",\"position\":1,\"name\":\"Home\",\"item\":\"https:\/\/solvefortomorrowlatam.com\/en\/\"},{\"@type\":\"ListItem\",\"position\":2,\"name\":\"Glossary\"}]},{\"@type\":\"WebSite\",\"@id\":\"https:\/\/solvefortomorrowlatam.com\/en\/#website\",\"url\":\"https:\/\/solvefortomorrowlatam.com\/en\/\",\"name\":\"Solve for Tomorrow Latam\",\"description\":\"A\u00e7\u00f5es educativas para empoderar jovens na transforma\u00e7\u00e3o da sociedade\",\"publisher\":{\"@id\":\"https:\/\/solvefortomorrowlatam.com\/en\/#organization\"},\"potentialAction\":[{\"@type\":\"SearchAction\",\"target\":{\"@type\":\"EntryPoint\",\"urlTemplate\":\"https:\/\/solvefortomorrowlatam.com\/en\/?s={search_term_string}\"},\"query-input\":{\"@type\":\"PropertyValueSpecification\",\"valueRequired\":true,\"valueName\":\"search_term_string\"}}],\"inLanguage\":\"en-US\"},{\"@type\":\"Organization\",\"@id\":\"https:\/\/solvefortomorrowlatam.com\/en\/#organization\",\"name\":\"Samsung Solve for Tomorrow Latam\",\"url\":\"https:\/\/solvefortomorrowlatam.com\/en\/\",\"logo\":{\"@type\":\"ImageObject\",\"inLanguage\":\"en-US\",\"@id\":\"https:\/\/solvefortomorrowlatam.com\/en\/#\/schema\/logo\/image\/\",\"url\":\"https:\/\/solvefortomorrowlatam.com\/wp-content\/uploads\/2022\/08\/cropped-favicon.png\",\"contentUrl\":\"https:\/\/solvefortomorrowlatam.com\/wp-content\/uploads\/2022\/08\/cropped-favicon.png\",\"width\":512,\"height\":512,\"caption\":\"Samsung Solve for Tomorrow Latam\"},\"image\":{\"@id\":\"https:\/\/solvefortomorrowlatam.com\/en\/#\/schema\/logo\/image\/\"}}]}<\/script>\n<!-- \/ Yoast SEO plugin. -->","yoast_head_json":{"title":"Glossary | Solve for Tomorrow Latam","robots":{"index":"index","follow":"follow","max-snippet":"max-snippet:-1","max-image-preview":"max-image-preview:large","max-video-preview":"max-video-preview:-1"},"canonical":"https:\/\/solvefortomorrowlatam.com\/en\/glossary\/","og_locale":"en_US","og_type":"article","og_title":"Glossary | Solve for Tomorrow Latam","og_description":"Learn more about STEM with entries that seamlessly connect concepts from science and pedagogy to the practice of the Samsung Solve for Tomorrow program.","og_url":"https:\/\/solvefortomorrowlatam.com\/en\/glossary\/","og_site_name":"Solve for Tomorrow Latam","article_modified_time":"2022-09-15T21:06:25+00:00","twitter_card":"summary_large_image","twitter_misc":{"Est. reading time":"1 minute"},"schema":{"@context":"https:\/\/schema.org","@graph":[{"@type":"WebPage","@id":"https:\/\/solvefortomorrowlatam.com\/en\/glossary\/","url":"https:\/\/solvefortomorrowlatam.com\/en\/glossary\/","name":"Glossary | Solve for Tomorrow Latam","isPartOf":{"@id":"https:\/\/solvefortomorrowlatam.com\/en\/#website"},"datePublished":"2022-07-24T22:31:52+00:00","dateModified":"2022-09-15T21:06:25+00:00","breadcrumb":{"@id":"https:\/\/solvefortomorrowlatam.com\/en\/glossary\/#breadcrumb"},"inLanguage":"en-US","potentialAction":[{"@type":"ReadAction","target":["https:\/\/solvefortomorrowlatam.com\/en\/glossary\/"]}]},{"@type":"BreadcrumbList","@id":"https:\/\/solvefortomorrowlatam.com\/en\/glossary\/#breadcrumb","itemListElement":[{"@type":"ListItem","position":1,"name":"Home","item":"https:\/\/solvefortomorrowlatam.com\/en\/"},{"@type":"ListItem","position":2,"name":"Glossary"}]},{"@type":"WebSite","@id":"https:\/\/solvefortomorrowlatam.com\/en\/#website","url":"https:\/\/solvefortomorrowlatam.com\/en\/","name":"Solve for Tomorrow Latam","description":"A\u00e7\u00f5es educativas para empoderar jovens na transforma\u00e7\u00e3o da sociedade","publisher":{"@id":"https:\/\/solvefortomorrowlatam.com\/en\/#organization"},"potentialAction":[{"@type":"SearchAction","target":{"@type":"EntryPoint","urlTemplate":"https:\/\/solvefortomorrowlatam.com\/en\/?s={search_term_string}"},"query-input":{"@type":"PropertyValueSpecification","valueRequired":true,"valueName":"search_term_string"}}],"inLanguage":"en-US"},{"@type":"Organization","@id":"https:\/\/solvefortomorrowlatam.com\/en\/#organization","name":"Samsung Solve for Tomorrow Latam","url":"https:\/\/solvefortomorrowlatam.com\/en\/","logo":{"@type":"ImageObject","inLanguage":"en-US","@id":"https:\/\/solvefortomorrowlatam.com\/en\/#\/schema\/logo\/image\/","url":"https:\/\/solvefortomorrowlatam.com\/wp-content\/uploads\/2022\/08\/cropped-favicon.png","contentUrl":"https:\/\/solvefortomorrowlatam.com\/wp-content\/uploads\/2022\/08\/cropped-favicon.png","width":512,"height":512,"caption":"Samsung Solve for Tomorrow Latam"},"image":{"@id":"https:\/\/solvefortomorrowlatam.com\/en\/#\/schema\/logo\/image\/"}}]}},"_links":{"self":[{"href":"https:\/\/solvefortomorrowlatam.com\/en\/wp-json\/wp\/v2\/pages\/2443","targetHints":{"allow":["GET"]}}],"collection":[{"href":"https:\/\/solvefortomorrowlatam.com\/en\/wp-json\/wp\/v2\/pages"}],"about":[{"href":"https:\/\/solvefortomorrowlatam.com\/en\/wp-json\/wp\/v2\/types\/page"}],"author":[{"embeddable":true,"href":"https:\/\/solvefortomorrowlatam.com\/en\/wp-json\/wp\/v2\/users\/1"}],"replies":[{"embeddable":true,"href":"https:\/\/solvefortomorrowlatam.com\/en\/wp-json\/wp\/v2\/comments?post=2443"}],"version-history":[{"count":0,"href":"https:\/\/solvefortomorrowlatam.com\/en\/wp-json\/wp\/v2\/pages\/2443\/revisions"}],"wp:attachment":[{"href":"https:\/\/solvefortomorrowlatam.com\/en\/wp-json\/wp\/v2\/media?parent=2443"}],"curies":[{"name":"wp","href":"https:\/\/api.w.org\/{rel}","templated":true}]}}