{"id":2634,"date":"2022-08-07T20:54:09","date_gmt":"2022-08-07T23:54:09","guid":{"rendered":"https:\/\/solvefortomorrowlatam.com\/programa\/"},"modified":"2026-04-02T11:34:28","modified_gmt":"2026-04-02T14:34:28","slug":"program","status":"publish","type":"page","link":"https:\/\/solvefortomorrowlatam.com\/en\/program\/","title":{"rendered":"About the program and the platform"},"content":{"rendered":"\n<p><strong>Samsung Solve for Tomorrow<\/strong> is a Samsung program that presents STEM didactic strategies for teachers, students, and schools in Latin America.<\/p>\n","protected":false},"excerpt":{"rendered":"<p>Samsung Solve for Tomorrow is a Samsung program that presents STEM didactic strategies for teachers, students, and schools in Latin America.<\/p>\n","protected":false},"author":1,"featured_media":5686,"parent":0,"menu_order":0,"comment_status":"closed","ping_status":"closed","template":"template-programa.php","meta":{"_acf_changed":false,"footnotes":""},"class_list":["post-2634","page","type-page","status-publish","has-post-thumbnail","hentry"],"acf":[],"yoast_head":"<!-- This site is optimized with the Yoast SEO plugin v27.5 - https:\/\/yoast.com\/product\/yoast-seo-wordpress\/ -->\n<title>Solve for Tomorrow: a global initiative to strengthen education<\/title>\n<meta name=\"description\" content=\"Samsung Solve for Tomorrow is a Samsung program that provides STEM teaching strategies for teachers, students, and schools.\" \/>\n<meta name=\"robots\" content=\"index, follow, max-snippet:-1, max-image-preview:large, max-video-preview:-1\" \/>\n<link rel=\"canonical\" href=\"https:\/\/solvefortomorrowlatam.com\/en\/program\/\" \/>\n<meta property=\"og:locale\" content=\"en_US\" \/>\n<meta property=\"og:type\" content=\"article\" \/>\n<meta property=\"og:title\" content=\"Solve for Tomorrow: a global initiative to strengthen education\" \/>\n<meta property=\"og:description\" content=\"Samsung Solve for Tomorrow is a Samsung program that provides STEM teaching strategies for teachers, students, and schools.\" \/>\n<meta property=\"og:url\" content=\"https:\/\/solvefortomorrowlatam.com\/en\/program\/\" \/>\n<meta property=\"og:site_name\" content=\"Solve for Tomorrow Latam\" \/>\n<meta property=\"article:modified_time\" content=\"2026-04-02T14:34:28+00:00\" \/>\n<meta property=\"og:image\" content=\"https:\/\/solvefortomorrowlatam.com\/wp-content\/uploads\/2022\/12\/logo-thumb.png\" \/>\n\t<meta property=\"og:image:width\" content=\"700\" \/>\n\t<meta property=\"og:image:height\" content=\"801\" \/>\n\t<meta property=\"og:image:type\" content=\"image\/png\" \/>\n<meta name=\"twitter:card\" content=\"summary_large_image\" \/>\n<meta name=\"twitter:label1\" content=\"Est. reading time\" \/>\n\t<meta name=\"twitter:data1\" content=\"1 minute\" \/>\n<script type=\"application\/ld+json\" class=\"yoast-schema-graph\">{\"@context\":\"https:\\\/\\\/schema.org\",\"@graph\":[{\"@type\":\"WebPage\",\"@id\":\"https:\\\/\\\/solvefortomorrowlatam.com\\\/en\\\/program\\\/\",\"url\":\"https:\\\/\\\/solvefortomorrowlatam.com\\\/en\\\/program\\\/\",\"name\":\"Solve for Tomorrow: a global initiative to strengthen education\",\"isPartOf\":{\"@id\":\"https:\\\/\\\/solvefortomorrowlatam.com\\\/en\\\/#website\"},\"primaryImageOfPage\":{\"@id\":\"https:\\\/\\\/solvefortomorrowlatam.com\\\/en\\\/program\\\/#primaryimage\"},\"image\":{\"@id\":\"https:\\\/\\\/solvefortomorrowlatam.com\\\/en\\\/program\\\/#primaryimage\"},\"thumbnailUrl\":\"https:\\\/\\\/solvefortomorrowlatam.com\\\/wp-content\\\/uploads\\\/2022\\\/12\\\/logo-thumb.png\",\"datePublished\":\"2022-08-07T23:54:09+00:00\",\"dateModified\":\"2026-04-02T14:34:28+00:00\",\"description\":\"Samsung Solve for Tomorrow is a Samsung program that provides STEM teaching strategies for teachers, students, and schools.\",\"breadcrumb\":{\"@id\":\"https:\\\/\\\/solvefortomorrowlatam.com\\\/en\\\/program\\\/#breadcrumb\"},\"inLanguage\":\"en-US\",\"potentialAction\":[{\"@type\":\"ReadAction\",\"target\":[\"https:\\\/\\\/solvefortomorrowlatam.com\\\/en\\\/program\\\/\"]}]},{\"@type\":\"ImageObject\",\"inLanguage\":\"en-US\",\"@id\":\"https:\\\/\\\/solvefortomorrowlatam.com\\\/en\\\/program\\\/#primaryimage\",\"url\":\"https:\\\/\\\/solvefortomorrowlatam.com\\\/wp-content\\\/uploads\\\/2022\\\/12\\\/logo-thumb.png\",\"contentUrl\":\"https:\\\/\\\/solvefortomorrowlatam.com\\\/wp-content\\\/uploads\\\/2022\\\/12\\\/logo-thumb.png\",\"width\":700,\"height\":801,\"caption\":\"Aprendizagem baseada em projetos - STEM EDUCATION\"},{\"@type\":\"BreadcrumbList\",\"@id\":\"https:\\\/\\\/solvefortomorrowlatam.com\\\/en\\\/program\\\/#breadcrumb\",\"itemListElement\":[{\"@type\":\"ListItem\",\"position\":1,\"name\":\"Home\",\"item\":\"https:\\\/\\\/solvefortomorrowlatam.com\\\/en\\\/\"},{\"@type\":\"ListItem\",\"position\":2,\"name\":\"About the program and the platform\"}]},{\"@type\":\"WebSite\",\"@id\":\"https:\\\/\\\/solvefortomorrowlatam.com\\\/en\\\/#website\",\"url\":\"https:\\\/\\\/solvefortomorrowlatam.com\\\/en\\\/\",\"name\":\"Solve for Tomorrow Latam\",\"description\":\"A\u00e7\u00f5es educativas para empoderar jovens na transforma\u00e7\u00e3o da sociedade\",\"publisher\":{\"@id\":\"https:\\\/\\\/solvefortomorrowlatam.com\\\/en\\\/#organization\"},\"potentialAction\":[{\"@type\":\"SearchAction\",\"target\":{\"@type\":\"EntryPoint\",\"urlTemplate\":\"https:\\\/\\\/solvefortomorrowlatam.com\\\/en\\\/?s={search_term_string}\"},\"query-input\":{\"@type\":\"PropertyValueSpecification\",\"valueRequired\":true,\"valueName\":\"search_term_string\"}}],\"inLanguage\":\"en-US\"},{\"@type\":\"Organization\",\"@id\":\"https:\\\/\\\/solvefortomorrowlatam.com\\\/en\\\/#organization\",\"name\":\"Samsung Solve for Tomorrow Latam\",\"url\":\"https:\\\/\\\/solvefortomorrowlatam.com\\\/en\\\/\",\"logo\":{\"@type\":\"ImageObject\",\"inLanguage\":\"en-US\",\"@id\":\"https:\\\/\\\/solvefortomorrowlatam.com\\\/en\\\/#\\\/schema\\\/logo\\\/image\\\/\",\"url\":\"https:\\\/\\\/solvefortomorrowlatam.com\\\/wp-content\\\/uploads\\\/2022\\\/08\\\/cropped-favicon.png\",\"contentUrl\":\"https:\\\/\\\/solvefortomorrowlatam.com\\\/wp-content\\\/uploads\\\/2022\\\/08\\\/cropped-favicon.png\",\"width\":512,\"height\":512,\"caption\":\"Samsung Solve for Tomorrow Latam\"},\"image\":{\"@id\":\"https:\\\/\\\/solvefortomorrowlatam.com\\\/en\\\/#\\\/schema\\\/logo\\\/image\\\/\"}}]}<\/script>\n<!-- \/ Yoast SEO plugin. -->","yoast_head_json":{"title":"Solve for Tomorrow: a global initiative to strengthen education","description":"Samsung Solve for Tomorrow is a Samsung program that provides STEM teaching strategies for teachers, students, and schools.","robots":{"index":"index","follow":"follow","max-snippet":"max-snippet:-1","max-image-preview":"max-image-preview:large","max-video-preview":"max-video-preview:-1"},"canonical":"https:\/\/solvefortomorrowlatam.com\/en\/program\/","og_locale":"en_US","og_type":"article","og_title":"Solve for Tomorrow: a global initiative to strengthen education","og_description":"Samsung Solve for Tomorrow is a Samsung program that provides STEM teaching strategies for teachers, students, and schools.","og_url":"https:\/\/solvefortomorrowlatam.com\/en\/program\/","og_site_name":"Solve for Tomorrow Latam","article_modified_time":"2026-04-02T14:34:28+00:00","og_image":[{"width":700,"height":801,"url":"https:\/\/solvefortomorrowlatam.com\/wp-content\/uploads\/2022\/12\/logo-thumb.png","type":"image\/png"}],"twitter_card":"summary_large_image","twitter_misc":{"Est. reading time":"1 minute"},"schema":{"@context":"https:\/\/schema.org","@graph":[{"@type":"WebPage","@id":"https:\/\/solvefortomorrowlatam.com\/en\/program\/","url":"https:\/\/solvefortomorrowlatam.com\/en\/program\/","name":"Solve for Tomorrow: a global initiative to strengthen education","isPartOf":{"@id":"https:\/\/solvefortomorrowlatam.com\/en\/#website"},"primaryImageOfPage":{"@id":"https:\/\/solvefortomorrowlatam.com\/en\/program\/#primaryimage"},"image":{"@id":"https:\/\/solvefortomorrowlatam.com\/en\/program\/#primaryimage"},"thumbnailUrl":"https:\/\/solvefortomorrowlatam.com\/wp-content\/uploads\/2022\/12\/logo-thumb.png","datePublished":"2022-08-07T23:54:09+00:00","dateModified":"2026-04-02T14:34:28+00:00","description":"Samsung Solve for Tomorrow is a Samsung program that provides STEM teaching strategies for teachers, students, and schools.","breadcrumb":{"@id":"https:\/\/solvefortomorrowlatam.com\/en\/program\/#breadcrumb"},"inLanguage":"en-US","potentialAction":[{"@type":"ReadAction","target":["https:\/\/solvefortomorrowlatam.com\/en\/program\/"]}]},{"@type":"ImageObject","inLanguage":"en-US","@id":"https:\/\/solvefortomorrowlatam.com\/en\/program\/#primaryimage","url":"https:\/\/solvefortomorrowlatam.com\/wp-content\/uploads\/2022\/12\/logo-thumb.png","contentUrl":"https:\/\/solvefortomorrowlatam.com\/wp-content\/uploads\/2022\/12\/logo-thumb.png","width":700,"height":801,"caption":"Aprendizagem baseada em projetos - STEM EDUCATION"},{"@type":"BreadcrumbList","@id":"https:\/\/solvefortomorrowlatam.com\/en\/program\/#breadcrumb","itemListElement":[{"@type":"ListItem","position":1,"name":"Home","item":"https:\/\/solvefortomorrowlatam.com\/en\/"},{"@type":"ListItem","position":2,"name":"About the program and the platform"}]},{"@type":"WebSite","@id":"https:\/\/solvefortomorrowlatam.com\/en\/#website","url":"https:\/\/solvefortomorrowlatam.com\/en\/","name":"Solve for Tomorrow Latam","description":"A\u00e7\u00f5es educativas para empoderar jovens na transforma\u00e7\u00e3o da sociedade","publisher":{"@id":"https:\/\/solvefortomorrowlatam.com\/en\/#organization"},"potentialAction":[{"@type":"SearchAction","target":{"@type":"EntryPoint","urlTemplate":"https:\/\/solvefortomorrowlatam.com\/en\/?s={search_term_string}"},"query-input":{"@type":"PropertyValueSpecification","valueRequired":true,"valueName":"search_term_string"}}],"inLanguage":"en-US"},{"@type":"Organization","@id":"https:\/\/solvefortomorrowlatam.com\/en\/#organization","name":"Samsung Solve for Tomorrow Latam","url":"https:\/\/solvefortomorrowlatam.com\/en\/","logo":{"@type":"ImageObject","inLanguage":"en-US","@id":"https:\/\/solvefortomorrowlatam.com\/en\/#\/schema\/logo\/image\/","url":"https:\/\/solvefortomorrowlatam.com\/wp-content\/uploads\/2022\/08\/cropped-favicon.png","contentUrl":"https:\/\/solvefortomorrowlatam.com\/wp-content\/uploads\/2022\/08\/cropped-favicon.png","width":512,"height":512,"caption":"Samsung Solve for Tomorrow Latam"},"image":{"@id":"https:\/\/solvefortomorrowlatam.com\/en\/#\/schema\/logo\/image\/"}}]}},"_links":{"self":[{"href":"https:\/\/solvefortomorrowlatam.com\/en\/wp-json\/wp\/v2\/pages\/2634","targetHints":{"allow":["GET"]}}],"collection":[{"href":"https:\/\/solvefortomorrowlatam.com\/en\/wp-json\/wp\/v2\/pages"}],"about":[{"href":"https:\/\/solvefortomorrowlatam.com\/en\/wp-json\/wp\/v2\/types\/page"}],"author":[{"embeddable":true,"href":"https:\/\/solvefortomorrowlatam.com\/en\/wp-json\/wp\/v2\/users\/1"}],"replies":[{"embeddable":true,"href":"https:\/\/solvefortomorrowlatam.com\/en\/wp-json\/wp\/v2\/comments?post=2634"}],"version-history":[{"count":1,"href":"https:\/\/solvefortomorrowlatam.com\/en\/wp-json\/wp\/v2\/pages\/2634\/revisions"}],"predecessor-version":[{"id":11701,"href":"https:\/\/solvefortomorrowlatam.com\/en\/wp-json\/wp\/v2\/pages\/2634\/revisions\/11701"}],"wp:featuredmedia":[{"embeddable":true,"href":"https:\/\/solvefortomorrowlatam.com\/en\/wp-json\/wp\/v2\/media\/5686"}],"wp:attachment":[{"href":"https:\/\/solvefortomorrowlatam.com\/en\/wp-json\/wp\/v2\/media?parent=2634"}],"curies":[{"name":"wp","href":"https:\/\/api.w.org\/{rel}","templated":true}]}}