{"id":2673,"date":"2022-08-22T00:12:30","date_gmt":"2022-08-22T03:12:30","guid":{"rendered":"https:\/\/solvefortomorrowlatam.com\/educacao-conectada\/"},"modified":"2024-05-20T14:14:13","modified_gmt":"2024-05-20T17:14:13","slug":"connected-education","status":"publish","type":"page","link":"https:\/\/solvefortomorrowlatam.com\/en\/connected-education\/","title":{"rendered":"Connected education"},"content":{"rendered":"\n<p>The <strong>Samsung Solve for Tomorrow<\/strong> program invests in pedagogical practices that mobilize young people, teachers, schools, and communities in the development of projects capable of solving real problems that affect their daily lives. Through <a href=\"https:\/\/solvefortomorrowlatam.com\/en\/connected-education\/project-based-learning\/\" target=\"_blank\" rel=\"noreferrer noopener\">Project Based Learning (PBL)<\/a>, focusing on the STEM (Science, Technology, Engineering, and Mathematics) approach, and encouraging <a href=\"https:\/\/solvefortomorrowlatam.com\/en\/entry\/criatividade-aprendizagem-baseada-em-projetos\/\" target=\"_blank\" rel=\"noreferrer noopener\">creativity<\/a>, leadership, and <a href=\"https:\/\/solvefortomorrowlatam.com\/en\/entry\/colaboracao-aprendizagem-baseada-em-projetos\/\" target=\"_blank\" rel=\"noreferrer noopener\">collaboration<\/a>, young people develop the skills and competencies needed to navigate and actively contribute to the solution of great contemporary challenges.<\/p>\n\n\n\n<figure class=\"wp-block-embed is-type-video is-provider-youtube wp-block-embed-youtube wp-embed-aspect-16-9 wp-has-aspect-ratio\"><div class=\"wp-block-embed__wrapper\">\n<div class=\"embed-responsive embed-responsive-16by9 ratio ratio-16x9\"><iframe loading=\"lazy\" class=\"embed-responsive-item\"  title=\"SFT Educac\u0327a\u0303o EN\" width=\"500\" height=\"281\" src=\"https:\/\/www.youtube.com\/embed\/1k0C9YbjTB0?list=PL-Etg8TyJtnCtpcKiJbRRle_buGIqvCYk\" frameborder=\"0\" allow=\"accelerometer; autoplay; clipboard-write; encrypted-media; gyroscope; picture-in-picture; web-share\" referrerpolicy=\"strict-origin-when-cross-origin\" allowfullscreen><\/iframe><\/div>\n<\/div><\/figure>\n\n\n\n<h2 class=\"wp-block-heading\">Solve for Tomorrow: The role of the mediator teacher<\/h2>\n\n\n\n<p>From this perspective, teachers become <a href=\"https:\/\/solvefortomorrowlatam.com\/en\/entry\/professor-mediador\/\" target=\"_blank\" rel=\"noreferrer noopener\">mediators<\/a>, supporting students in their investigations, in their interpersonal relationships, weaving the necessary curricular relationships, endorsing the importance of the scientific method, and encouraging them not to give up, dealing with their insecurities and frustrations.<\/p>\n\n\n\n<div style=\"height:60px\" aria-hidden=\"true\" class=\"wp-block-spacer\"><\/div>\n\n\n\n<figure class=\"wp-block-image size-full\"><img loading=\"lazy\" decoding=\"async\" width=\"800\" height=\"606\" src=\"https:\/\/solvefortomorrowlatam.com\/wp-content\/uploads\/2022\/10\/infographic-connected-education.png\" alt=\"Infographic Connected Education\" class=\"wp-image-4535\" srcset=\"https:\/\/solvefortomorrowlatam.com\/wp-content\/uploads\/2022\/10\/infographic-connected-education.png 800w, https:\/\/solvefortomorrowlatam.com\/wp-content\/uploads\/2022\/10\/infographic-connected-education-300x227.png 300w, https:\/\/solvefortomorrowlatam.com\/wp-content\/uploads\/2022\/10\/infographic-connected-education-768x582.png 768w\" sizes=\"auto, (max-width: 800px) 100vw, 800px\" \/><\/figure>\n\n\n\n<div style=\"height:60px\" aria-hidden=\"true\" class=\"wp-block-spacer\"><\/div>\n","protected":false},"excerpt":{"rendered":"<p>The Samsung Solve for Tomorrow program invests in pedagogical practices that mobilize young people, teachers, schools, and communities in the development of projects capable of solving real problems that affect their daily lives. Through Project Based Learning (PBL), focusing on the STEM (Science, Technology, Engineering, and Mathematics) approach, and encouraging creativity, leadership, and collaboration, young<\/p>\n","protected":false},"author":1,"featured_media":0,"parent":0,"menu_order":0,"comment_status":"closed","ping_status":"closed","template":"template-educacao-conectada.php","meta":{"_acf_changed":false,"footnotes":""},"class_list":["post-2673","page","type-page","status-publish","hentry"],"acf":[],"yoast_head":"<!-- This site is optimized with the Yoast SEO plugin v27.1.1 - https:\/\/yoast.com\/product\/yoast-seo-wordpress\/ -->\n<title>Connected Education: STEM approach and design thinking<\/title>\n<meta name=\"description\" content=\"Connected education joins STEM and design thinking, stimulating skills and competencies in students to cocreate a knowledge society.\" \/>\n<meta name=\"robots\" content=\"index, follow, max-snippet:-1, max-image-preview:large, max-video-preview:-1\" \/>\n<link rel=\"canonical\" href=\"https:\/\/solvefortomorrowlatam.com\/en\/connected-education\/\" \/>\n<meta property=\"og:locale\" content=\"en_US\" \/>\n<meta property=\"og:type\" content=\"article\" \/>\n<meta property=\"og:title\" content=\"Connected Education: STEM approach and design thinking\" \/>\n<meta property=\"og:description\" content=\"Connected education joins STEM and design thinking, stimulating skills and competencies in students to cocreate a knowledge society.\" \/>\n<meta property=\"og:url\" content=\"https:\/\/solvefortomorrowlatam.com\/en\/connected-education\/\" \/>\n<meta property=\"og:site_name\" content=\"Solve for Tomorrow Latam\" \/>\n<meta property=\"article:modified_time\" content=\"2024-05-20T17:14:13+00:00\" \/>\n<meta property=\"og:image\" content=\"https:\/\/solvefortomorrowlatam.com\/wp-content\/uploads\/2022\/10\/infographic-connected-education.png\" \/>\n<meta name=\"twitter:card\" content=\"summary_large_image\" \/>\n<meta name=\"twitter:label1\" content=\"Est. reading time\" \/>\n\t<meta name=\"twitter:data1\" content=\"1 minute\" \/>\n<script type=\"application\/ld+json\" class=\"yoast-schema-graph\">{\"@context\":\"https:\/\/schema.org\",\"@graph\":[{\"@type\":\"WebPage\",\"@id\":\"https:\/\/solvefortomorrowlatam.com\/en\/connected-education\/\",\"url\":\"https:\/\/solvefortomorrowlatam.com\/en\/connected-education\/\",\"name\":\"Connected Education: STEM approach and design thinking\",\"isPartOf\":{\"@id\":\"https:\/\/solvefortomorrowlatam.com\/en\/#website\"},\"primaryImageOfPage\":{\"@id\":\"https:\/\/solvefortomorrowlatam.com\/en\/connected-education\/#primaryimage\"},\"image\":{\"@id\":\"https:\/\/solvefortomorrowlatam.com\/en\/connected-education\/#primaryimage\"},\"thumbnailUrl\":\"https:\/\/solvefortomorrowlatam.com\/wp-content\/uploads\/2022\/10\/infographic-connected-education.png\",\"datePublished\":\"2022-08-22T03:12:30+00:00\",\"dateModified\":\"2024-05-20T17:14:13+00:00\",\"description\":\"Connected education joins STEM and design thinking, stimulating skills and competencies in students to cocreate a knowledge society.\",\"breadcrumb\":{\"@id\":\"https:\/\/solvefortomorrowlatam.com\/en\/connected-education\/#breadcrumb\"},\"inLanguage\":\"en-US\",\"potentialAction\":[{\"@type\":\"ReadAction\",\"target\":[\"https:\/\/solvefortomorrowlatam.com\/en\/connected-education\/\"]}]},{\"@type\":\"ImageObject\",\"inLanguage\":\"en-US\",\"@id\":\"https:\/\/solvefortomorrowlatam.com\/en\/connected-education\/#primaryimage\",\"url\":\"https:\/\/solvefortomorrowlatam.com\/wp-content\/uploads\/2022\/10\/infographic-connected-education.png\",\"contentUrl\":\"https:\/\/solvefortomorrowlatam.com\/wp-content\/uploads\/2022\/10\/infographic-connected-education.png\"},{\"@type\":\"BreadcrumbList\",\"@id\":\"https:\/\/solvefortomorrowlatam.com\/en\/connected-education\/#breadcrumb\",\"itemListElement\":[{\"@type\":\"ListItem\",\"position\":1,\"name\":\"Home\",\"item\":\"https:\/\/solvefortomorrowlatam.com\/en\/\"},{\"@type\":\"ListItem\",\"position\":2,\"name\":\"Connected education\"}]},{\"@type\":\"WebSite\",\"@id\":\"https:\/\/solvefortomorrowlatam.com\/en\/#website\",\"url\":\"https:\/\/solvefortomorrowlatam.com\/en\/\",\"name\":\"Solve for Tomorrow Latam\",\"description\":\"A\u00e7\u00f5es educativas para empoderar jovens na transforma\u00e7\u00e3o da sociedade\",\"publisher\":{\"@id\":\"https:\/\/solvefortomorrowlatam.com\/en\/#organization\"},\"potentialAction\":[{\"@type\":\"SearchAction\",\"target\":{\"@type\":\"EntryPoint\",\"urlTemplate\":\"https:\/\/solvefortomorrowlatam.com\/en\/?s={search_term_string}\"},\"query-input\":{\"@type\":\"PropertyValueSpecification\",\"valueRequired\":true,\"valueName\":\"search_term_string\"}}],\"inLanguage\":\"en-US\"},{\"@type\":\"Organization\",\"@id\":\"https:\/\/solvefortomorrowlatam.com\/en\/#organization\",\"name\":\"Samsung Solve for Tomorrow Latam\",\"url\":\"https:\/\/solvefortomorrowlatam.com\/en\/\",\"logo\":{\"@type\":\"ImageObject\",\"inLanguage\":\"en-US\",\"@id\":\"https:\/\/solvefortomorrowlatam.com\/en\/#\/schema\/logo\/image\/\",\"url\":\"https:\/\/solvefortomorrowlatam.com\/wp-content\/uploads\/2022\/08\/cropped-favicon.png\",\"contentUrl\":\"https:\/\/solvefortomorrowlatam.com\/wp-content\/uploads\/2022\/08\/cropped-favicon.png\",\"width\":512,\"height\":512,\"caption\":\"Samsung Solve for Tomorrow Latam\"},\"image\":{\"@id\":\"https:\/\/solvefortomorrowlatam.com\/en\/#\/schema\/logo\/image\/\"}}]}<\/script>\n<!-- \/ Yoast SEO plugin. -->","yoast_head_json":{"title":"Connected Education: STEM approach and design thinking","description":"Connected education joins STEM and design thinking, stimulating skills and competencies in students to cocreate a knowledge society.","robots":{"index":"index","follow":"follow","max-snippet":"max-snippet:-1","max-image-preview":"max-image-preview:large","max-video-preview":"max-video-preview:-1"},"canonical":"https:\/\/solvefortomorrowlatam.com\/en\/connected-education\/","og_locale":"en_US","og_type":"article","og_title":"Connected Education: STEM approach and design thinking","og_description":"Connected education joins STEM and design thinking, stimulating skills and competencies in students to cocreate a knowledge society.","og_url":"https:\/\/solvefortomorrowlatam.com\/en\/connected-education\/","og_site_name":"Solve for Tomorrow Latam","article_modified_time":"2024-05-20T17:14:13+00:00","og_image":[{"url":"https:\/\/solvefortomorrowlatam.com\/wp-content\/uploads\/2022\/10\/infographic-connected-education.png","type":"","width":"","height":""}],"twitter_card":"summary_large_image","twitter_misc":{"Est. reading time":"1 minute"},"schema":{"@context":"https:\/\/schema.org","@graph":[{"@type":"WebPage","@id":"https:\/\/solvefortomorrowlatam.com\/en\/connected-education\/","url":"https:\/\/solvefortomorrowlatam.com\/en\/connected-education\/","name":"Connected Education: STEM approach and design thinking","isPartOf":{"@id":"https:\/\/solvefortomorrowlatam.com\/en\/#website"},"primaryImageOfPage":{"@id":"https:\/\/solvefortomorrowlatam.com\/en\/connected-education\/#primaryimage"},"image":{"@id":"https:\/\/solvefortomorrowlatam.com\/en\/connected-education\/#primaryimage"},"thumbnailUrl":"https:\/\/solvefortomorrowlatam.com\/wp-content\/uploads\/2022\/10\/infographic-connected-education.png","datePublished":"2022-08-22T03:12:30+00:00","dateModified":"2024-05-20T17:14:13+00:00","description":"Connected education joins STEM and design thinking, stimulating skills and competencies in students to cocreate a knowledge society.","breadcrumb":{"@id":"https:\/\/solvefortomorrowlatam.com\/en\/connected-education\/#breadcrumb"},"inLanguage":"en-US","potentialAction":[{"@type":"ReadAction","target":["https:\/\/solvefortomorrowlatam.com\/en\/connected-education\/"]}]},{"@type":"ImageObject","inLanguage":"en-US","@id":"https:\/\/solvefortomorrowlatam.com\/en\/connected-education\/#primaryimage","url":"https:\/\/solvefortomorrowlatam.com\/wp-content\/uploads\/2022\/10\/infographic-connected-education.png","contentUrl":"https:\/\/solvefortomorrowlatam.com\/wp-content\/uploads\/2022\/10\/infographic-connected-education.png"},{"@type":"BreadcrumbList","@id":"https:\/\/solvefortomorrowlatam.com\/en\/connected-education\/#breadcrumb","itemListElement":[{"@type":"ListItem","position":1,"name":"Home","item":"https:\/\/solvefortomorrowlatam.com\/en\/"},{"@type":"ListItem","position":2,"name":"Connected education"}]},{"@type":"WebSite","@id":"https:\/\/solvefortomorrowlatam.com\/en\/#website","url":"https:\/\/solvefortomorrowlatam.com\/en\/","name":"Solve for Tomorrow Latam","description":"A\u00e7\u00f5es educativas para empoderar jovens na transforma\u00e7\u00e3o da sociedade","publisher":{"@id":"https:\/\/solvefortomorrowlatam.com\/en\/#organization"},"potentialAction":[{"@type":"SearchAction","target":{"@type":"EntryPoint","urlTemplate":"https:\/\/solvefortomorrowlatam.com\/en\/?s={search_term_string}"},"query-input":{"@type":"PropertyValueSpecification","valueRequired":true,"valueName":"search_term_string"}}],"inLanguage":"en-US"},{"@type":"Organization","@id":"https:\/\/solvefortomorrowlatam.com\/en\/#organization","name":"Samsung Solve for Tomorrow Latam","url":"https:\/\/solvefortomorrowlatam.com\/en\/","logo":{"@type":"ImageObject","inLanguage":"en-US","@id":"https:\/\/solvefortomorrowlatam.com\/en\/#\/schema\/logo\/image\/","url":"https:\/\/solvefortomorrowlatam.com\/wp-content\/uploads\/2022\/08\/cropped-favicon.png","contentUrl":"https:\/\/solvefortomorrowlatam.com\/wp-content\/uploads\/2022\/08\/cropped-favicon.png","width":512,"height":512,"caption":"Samsung Solve for Tomorrow Latam"},"image":{"@id":"https:\/\/solvefortomorrowlatam.com\/en\/#\/schema\/logo\/image\/"}}]}},"_links":{"self":[{"href":"https:\/\/solvefortomorrowlatam.com\/en\/wp-json\/wp\/v2\/pages\/2673","targetHints":{"allow":["GET"]}}],"collection":[{"href":"https:\/\/solvefortomorrowlatam.com\/en\/wp-json\/wp\/v2\/pages"}],"about":[{"href":"https:\/\/solvefortomorrowlatam.com\/en\/wp-json\/wp\/v2\/types\/page"}],"author":[{"embeddable":true,"href":"https:\/\/solvefortomorrowlatam.com\/en\/wp-json\/wp\/v2\/users\/1"}],"replies":[{"embeddable":true,"href":"https:\/\/solvefortomorrowlatam.com\/en\/wp-json\/wp\/v2\/comments?post=2673"}],"version-history":[{"count":0,"href":"https:\/\/solvefortomorrowlatam.com\/en\/wp-json\/wp\/v2\/pages\/2673\/revisions"}],"wp:attachment":[{"href":"https:\/\/solvefortomorrowlatam.com\/en\/wp-json\/wp\/v2\/media?parent=2673"}],"curies":[{"name":"wp","href":"https:\/\/api.w.org\/{rel}","templated":true}]}}