{"id":2675,"date":"2022-08-21T11:49:44","date_gmt":"2022-08-21T14:49:44","guid":{"rendered":"https:\/\/solvefortomorrowlatam.com\/design-thinking-trilha-projetos-solve-for-tomorrow\/"},"modified":"2023-01-05T17:22:16","modified_gmt":"2023-01-05T20:22:16","slug":"design-thinking-project-journey-solve-for-tomorrow","status":"publish","type":"page","link":"https:\/\/solvefortomorrowlatam.com\/en\/design-thinking-project-journey-solve-for-tomorrow\/","title":{"rendered":"Project journey"},"content":{"rendered":"\n<p><strong>Samsung Solve for Tomorrow<\/strong> emphasizes three stages of problem-solving: Reframe, Ideate, and Realize. And it uses Design Thinking as a process that helps to approach each of these stages in a structured, careful, and engaging way.<\/p>\n\n\n\n<p>Within <strong>Solve for Tomorrow<\/strong>, the <a href=\"https:\/\/solvefortomorrowlatam.com\/en\/connected-education\/design-thinking\/\" target=\"_blank\" rel=\"noreferrer noopener\">Design Thinking<\/a> approach supports teachers and students by proposing a path to structuring a project capable of responding to a <a href=\"https:\/\/solvefortomorrowlatam.com\/en\/entry\/social-challenges\/\" target=\"_blank\" rel=\"noreferrer noopener\">community challenge<\/a> from a <strong>project journey<\/strong> in five stages: empathy, definition, ideation, prototype, and test. When navigating through the stages, you will find descriptors and general guidelines for each one and materials for deepening and developing activities.<\/p>\n\n\n\n<p>Systematized in 2021 from the experience and knowledge generated and accumulated over the editions of Samsung Solve for Tomorrow in Latin America, the project journey serves as a guiding starting point, which can and should be customized based on needs and possibilities of students and teachers.<\/p>\n","protected":false},"excerpt":{"rendered":"<p>Samsung Solve for Tomorrow emphasizes three stages of problem-solving: Reframe, Ideate, and Realize. And it uses Design Thinking as a process that helps to approach each of these stages in a structured, careful, and engaging way. Within Solve for Tomorrow, the Design Thinking approach supports teachers and students by proposing a path to structuring a<\/p>\n","protected":false},"author":1,"featured_media":0,"parent":0,"menu_order":0,"comment_status":"closed","ping_status":"closed","template":"template-trilha.php","meta":{"_acf_changed":false,"footnotes":""},"class_list":["post-2675","page","type-page","status-publish","hentry"],"acf":[],"yoast_head":"<!-- This site is optimized with the Yoast SEO plugin v27.1.1 - https:\/\/yoast.com\/product\/yoast-seo-wordpress\/ -->\n<title>Design Thinking: trilha de projetos Samsung Solve for Tomorrow<\/title>\n<meta name=\"description\" content=\"Design Thinking no Solve for Tomorrow: conhe\u00e7a a trilha de projetos que \u00e9 ponto de partida orientador para professores e estudantes.\" \/>\n<meta name=\"robots\" content=\"index, follow, max-snippet:-1, max-image-preview:large, max-video-preview:-1\" \/>\n<link rel=\"canonical\" href=\"https:\/\/solvefortomorrowlatam.com\/en\/design-thinking-project-journey-solve-for-tomorrow\/\" \/>\n<meta property=\"og:locale\" content=\"en_US\" \/>\n<meta property=\"og:type\" content=\"article\" \/>\n<meta property=\"og:title\" content=\"Design Thinking: trilha de projetos Samsung Solve for Tomorrow\" \/>\n<meta property=\"og:description\" content=\"Design Thinking no Solve for Tomorrow: conhe\u00e7a a trilha de projetos que \u00e9 ponto de partida orientador para professores e estudantes.\" \/>\n<meta property=\"og:url\" content=\"https:\/\/solvefortomorrowlatam.com\/en\/design-thinking-project-journey-solve-for-tomorrow\/\" \/>\n<meta property=\"og:site_name\" content=\"Solve for Tomorrow Latam\" \/>\n<meta property=\"article:modified_time\" content=\"2023-01-05T20:22:16+00:00\" \/>\n<meta name=\"twitter:card\" content=\"summary_large_image\" \/>\n<meta name=\"twitter:label1\" content=\"Est. reading time\" \/>\n\t<meta name=\"twitter:data1\" content=\"1 minute\" \/>\n<script type=\"application\/ld+json\" class=\"yoast-schema-graph\">{\"@context\":\"https:\/\/schema.org\",\"@graph\":[{\"@type\":\"WebPage\",\"@id\":\"https:\/\/solvefortomorrowlatam.com\/en\/design-thinking-project-journey-solve-for-tomorrow\/\",\"url\":\"https:\/\/solvefortomorrowlatam.com\/en\/design-thinking-project-journey-solve-for-tomorrow\/\",\"name\":\"Design Thinking: trilha de projetos Samsung Solve for Tomorrow\",\"isPartOf\":{\"@id\":\"https:\/\/solvefortomorrowlatam.com\/en\/#website\"},\"datePublished\":\"2022-08-21T14:49:44+00:00\",\"dateModified\":\"2023-01-05T20:22:16+00:00\",\"description\":\"Design Thinking no Solve for Tomorrow: conhe\u00e7a a trilha de projetos que \u00e9 ponto de partida orientador para professores e estudantes.\",\"breadcrumb\":{\"@id\":\"https:\/\/solvefortomorrowlatam.com\/en\/design-thinking-project-journey-solve-for-tomorrow\/#breadcrumb\"},\"inLanguage\":\"en-US\",\"potentialAction\":[{\"@type\":\"ReadAction\",\"target\":[\"https:\/\/solvefortomorrowlatam.com\/en\/design-thinking-project-journey-solve-for-tomorrow\/\"]}]},{\"@type\":\"BreadcrumbList\",\"@id\":\"https:\/\/solvefortomorrowlatam.com\/en\/design-thinking-project-journey-solve-for-tomorrow\/#breadcrumb\",\"itemListElement\":[{\"@type\":\"ListItem\",\"position\":1,\"name\":\"Home\",\"item\":\"https:\/\/solvefortomorrowlatam.com\/en\/\"},{\"@type\":\"ListItem\",\"position\":2,\"name\":\"Project journey\"}]},{\"@type\":\"WebSite\",\"@id\":\"https:\/\/solvefortomorrowlatam.com\/en\/#website\",\"url\":\"https:\/\/solvefortomorrowlatam.com\/en\/\",\"name\":\"Solve for Tomorrow Latam\",\"description\":\"A\u00e7\u00f5es educativas para empoderar jovens na transforma\u00e7\u00e3o da sociedade\",\"publisher\":{\"@id\":\"https:\/\/solvefortomorrowlatam.com\/en\/#organization\"},\"potentialAction\":[{\"@type\":\"SearchAction\",\"target\":{\"@type\":\"EntryPoint\",\"urlTemplate\":\"https:\/\/solvefortomorrowlatam.com\/en\/?s={search_term_string}\"},\"query-input\":{\"@type\":\"PropertyValueSpecification\",\"valueRequired\":true,\"valueName\":\"search_term_string\"}}],\"inLanguage\":\"en-US\"},{\"@type\":\"Organization\",\"@id\":\"https:\/\/solvefortomorrowlatam.com\/en\/#organization\",\"name\":\"Samsung Solve for Tomorrow Latam\",\"url\":\"https:\/\/solvefortomorrowlatam.com\/en\/\",\"logo\":{\"@type\":\"ImageObject\",\"inLanguage\":\"en-US\",\"@id\":\"https:\/\/solvefortomorrowlatam.com\/en\/#\/schema\/logo\/image\/\",\"url\":\"https:\/\/solvefortomorrowlatam.com\/wp-content\/uploads\/2022\/08\/cropped-favicon.png\",\"contentUrl\":\"https:\/\/solvefortomorrowlatam.com\/wp-content\/uploads\/2022\/08\/cropped-favicon.png\",\"width\":512,\"height\":512,\"caption\":\"Samsung Solve for Tomorrow Latam\"},\"image\":{\"@id\":\"https:\/\/solvefortomorrowlatam.com\/en\/#\/schema\/logo\/image\/\"}}]}<\/script>\n<!-- \/ Yoast SEO plugin. -->","yoast_head_json":{"title":"Design Thinking: trilha de projetos Samsung Solve for Tomorrow","description":"Design Thinking no Solve for Tomorrow: conhe\u00e7a a trilha de projetos que \u00e9 ponto de partida orientador para professores e estudantes.","robots":{"index":"index","follow":"follow","max-snippet":"max-snippet:-1","max-image-preview":"max-image-preview:large","max-video-preview":"max-video-preview:-1"},"canonical":"https:\/\/solvefortomorrowlatam.com\/en\/design-thinking-project-journey-solve-for-tomorrow\/","og_locale":"en_US","og_type":"article","og_title":"Design Thinking: trilha de projetos Samsung Solve for Tomorrow","og_description":"Design Thinking no Solve for Tomorrow: conhe\u00e7a a trilha de projetos que \u00e9 ponto de partida orientador para professores e estudantes.","og_url":"https:\/\/solvefortomorrowlatam.com\/en\/design-thinking-project-journey-solve-for-tomorrow\/","og_site_name":"Solve for Tomorrow Latam","article_modified_time":"2023-01-05T20:22:16+00:00","twitter_card":"summary_large_image","twitter_misc":{"Est. reading time":"1 minute"},"schema":{"@context":"https:\/\/schema.org","@graph":[{"@type":"WebPage","@id":"https:\/\/solvefortomorrowlatam.com\/en\/design-thinking-project-journey-solve-for-tomorrow\/","url":"https:\/\/solvefortomorrowlatam.com\/en\/design-thinking-project-journey-solve-for-tomorrow\/","name":"Design Thinking: trilha de projetos Samsung Solve for Tomorrow","isPartOf":{"@id":"https:\/\/solvefortomorrowlatam.com\/en\/#website"},"datePublished":"2022-08-21T14:49:44+00:00","dateModified":"2023-01-05T20:22:16+00:00","description":"Design Thinking no Solve for Tomorrow: conhe\u00e7a a trilha de projetos que \u00e9 ponto de partida orientador para professores e estudantes.","breadcrumb":{"@id":"https:\/\/solvefortomorrowlatam.com\/en\/design-thinking-project-journey-solve-for-tomorrow\/#breadcrumb"},"inLanguage":"en-US","potentialAction":[{"@type":"ReadAction","target":["https:\/\/solvefortomorrowlatam.com\/en\/design-thinking-project-journey-solve-for-tomorrow\/"]}]},{"@type":"BreadcrumbList","@id":"https:\/\/solvefortomorrowlatam.com\/en\/design-thinking-project-journey-solve-for-tomorrow\/#breadcrumb","itemListElement":[{"@type":"ListItem","position":1,"name":"Home","item":"https:\/\/solvefortomorrowlatam.com\/en\/"},{"@type":"ListItem","position":2,"name":"Project journey"}]},{"@type":"WebSite","@id":"https:\/\/solvefortomorrowlatam.com\/en\/#website","url":"https:\/\/solvefortomorrowlatam.com\/en\/","name":"Solve for Tomorrow Latam","description":"A\u00e7\u00f5es educativas para empoderar jovens na transforma\u00e7\u00e3o da sociedade","publisher":{"@id":"https:\/\/solvefortomorrowlatam.com\/en\/#organization"},"potentialAction":[{"@type":"SearchAction","target":{"@type":"EntryPoint","urlTemplate":"https:\/\/solvefortomorrowlatam.com\/en\/?s={search_term_string}"},"query-input":{"@type":"PropertyValueSpecification","valueRequired":true,"valueName":"search_term_string"}}],"inLanguage":"en-US"},{"@type":"Organization","@id":"https:\/\/solvefortomorrowlatam.com\/en\/#organization","name":"Samsung Solve for Tomorrow Latam","url":"https:\/\/solvefortomorrowlatam.com\/en\/","logo":{"@type":"ImageObject","inLanguage":"en-US","@id":"https:\/\/solvefortomorrowlatam.com\/en\/#\/schema\/logo\/image\/","url":"https:\/\/solvefortomorrowlatam.com\/wp-content\/uploads\/2022\/08\/cropped-favicon.png","contentUrl":"https:\/\/solvefortomorrowlatam.com\/wp-content\/uploads\/2022\/08\/cropped-favicon.png","width":512,"height":512,"caption":"Samsung Solve for Tomorrow Latam"},"image":{"@id":"https:\/\/solvefortomorrowlatam.com\/en\/#\/schema\/logo\/image\/"}}]}},"_links":{"self":[{"href":"https:\/\/solvefortomorrowlatam.com\/en\/wp-json\/wp\/v2\/pages\/2675","targetHints":{"allow":["GET"]}}],"collection":[{"href":"https:\/\/solvefortomorrowlatam.com\/en\/wp-json\/wp\/v2\/pages"}],"about":[{"href":"https:\/\/solvefortomorrowlatam.com\/en\/wp-json\/wp\/v2\/types\/page"}],"author":[{"embeddable":true,"href":"https:\/\/solvefortomorrowlatam.com\/en\/wp-json\/wp\/v2\/users\/1"}],"replies":[{"embeddable":true,"href":"https:\/\/solvefortomorrowlatam.com\/en\/wp-json\/wp\/v2\/comments?post=2675"}],"version-history":[{"count":0,"href":"https:\/\/solvefortomorrowlatam.com\/en\/wp-json\/wp\/v2\/pages\/2675\/revisions"}],"wp:attachment":[{"href":"https:\/\/solvefortomorrowlatam.com\/en\/wp-json\/wp\/v2\/media?parent=2675"}],"curies":[{"name":"wp","href":"https:\/\/api.w.org\/{rel}","templated":true}]}}