{"id":9865,"date":"2025-03-25T17:03:17","date_gmt":"2025-03-25T20:03:17","guid":{"rendered":"https:\/\/solvefortomorrowlatam.com\/como-registrar-a-memoria-de-um-projeto-stem\/"},"modified":"2025-03-25T17:04:11","modified_gmt":"2025-03-25T20:04:11","slug":"como-registrar-a-memoria-de-um-projeto-stem","status":"publish","type":"page","link":"https:\/\/solvefortomorrowlatam.com\/en\/como-registrar-a-memoria-de-um-projeto-stem\/","title":{"rendered":"Como registrar a mem\u00f3ria de um projeto STEM"},"content":{"rendered":"\n<p>Voc\u00ea conhece a sigla ODS? Os <a href=\"https:\/\/brasil.un.org\/pt-br\/sdgs\">Objetivos de Desenvolvimento Sustent\u00e1vel<\/a> s\u00e3o as metas estipuladas pelas Na\u00e7\u00f5es Unidas globalmente para enfrentar desafios, como a pobreza e as amea\u00e7as \u00e0 sa\u00fade. No total, s\u00e3o 17 ODS que o mundo deve atingir, em uma a\u00e7\u00e3o conjunta, para ter um mundo melhor at\u00e9 2030.<\/p>\n\n\n\n<p>\u00c0 primeira vista, o tema pode parecer muito ambicioso, mas esses objetivos tra\u00e7am caminhos para medidas a serem implementadas n\u00e3o apenas em uma escala macro, como tamb\u00e9m no dia a dia das comunidades. E, na escola, o assunto pode ser um bom pontap\u00e9 para sensibilizar estudantes a enxergarem solu\u00e7\u00f5es para os desafios locais e, assim, apoiar suas <a href=\"https:\/\/solvefortomorrowlatam.com\/en\/habilidades-socioemocionais-2\/\">habilidades socioemocionais<\/a>. De acordo com Maria Guillermina Garcia, gerente de Projetos e Pesquisas do <a href=\"https:\/\/www.cenpec.org.br\/\">Cenpec<\/a>, os ODS podem inspirar projetos de <a href=\"https:\/\/solvefortomorrowlatam.com\/verbete\/stem\/\">STEM<\/a> (Ci\u00eancia, Tecnologia, Engenharia e Matem\u00e1tica) feitos por jovens que queiram colocar a m\u00e3o na massa.<\/p>\n\n\n\n<p>\u201cPropor solu\u00e7\u00f5es para desafios reais demanda a investiga\u00e7\u00e3o de problemas que n\u00e3o podem ser resolvidos a partir de uma \u00fanica perspectiva, disciplina ou abordagem. Os ODS contribuem, justamente, para essa amplia\u00e7\u00e3o de olhar\u201d, diz a gerente do Cenpec, organiza\u00e7\u00e3o sem fins lucrativos que atua como parceira t\u00e9cnica do <a href=\"https:\/\/solvefortomorrowlatam.com\/pais\/brasil\/\">Solve for Tomorrow no Brasil.<\/a> Segundo Garcia, os ODS re\u00fanem um conjunto amplo e relevante de problem\u00e1ticas contempor\u00e2neas que exigem uma abordagem interdisciplinar.&nbsp;<\/p>\n\n\n\n<p>Em outras palavras, os objetivos s\u00e3o interconectados e estimulam os jovens a pensar dessa maneira. Ou seja, n\u00e3o \u00e9 poss\u00edvel ter erradica\u00e7\u00e3o da pobreza (ODS 1) sem garantir \u00e1gua pot\u00e1vel e saneamento (ODS 6), por exemplo. Estudantes come\u00e7am a refletir sobre como os temas conversam entre si e demandam respostas com mais <a href=\"https:\/\/solvefortomorrowlatam.com\/verbete\/empatia-habilidades-socioemocionais\/\">empatia<\/a>.<\/p>\n\n\n\n<p>Mas nem sempre integrar os ODS no curr\u00edculo escolar \u00e9 uma tarefa simples. \u00c9 preciso mobilizar a comunidade escolar como um todo. \u201cEscolas que est\u00e3o mais integradas \u00e0s comunidades e que j\u00e1 prop\u00f5em em seu Projeto Pol\u00edtico Pedag\u00f3gico trabalhar o curr\u00edculo escolar a partir das demandas locais e da realidade das(os) estudantes certamente est\u00e3o mais conectadas aos objetivos sustent\u00e1veis&#8221;, afirma Garcia. Para isso, ela recomenda investir na forma\u00e7\u00e3o continuada de professores e o incentivo a um olhar cr\u00edtico e investigativo dos estudantes.&nbsp;<\/p>\n\n\n\n<p>O professor brasileiro de qu\u00edmica, Gustavo Bezerra, acredita que trazer o assunto \u00e0 sala de aula estimula o conhecimento pr\u00e1tico dos estudantes. \u201cEles percebem que as ideias que executam nos projetos poderiam ganhar escala e fazer mudan\u00e7as significativas na qualidade de vida&#8221;, argumenta. Ele foi o mediador do projeto \u201cFiltropinha\u201d vencedor do Solve for Tomorrow no pa\u00eds, em 2024, que construiu filtros com casca de pinha para tratar a manipueira, l\u00edquido t\u00f3xico descartado da produ\u00e7\u00e3o de farinha de mandioca.<\/p>\n\n\n\n<p>Ele tamb\u00e9m mediou o projeto \u201c<a href=\"https:\/\/solvefortomorrowlatam.com\/pratica\/estudantes-criam-fraldas-biodegradaveis-e-economicas\/\">EKOfraldas<\/a>\u201d, no qual estudantes criaram fraldas biodegrad\u00e1veis e econ\u00f4micas a partir da reflex\u00e3o dos ODS, quando observaram que os gastos com fraldas descart\u00e1veis geravam danos ao meio ambiente e ao or\u00e7amento das fam\u00edlias da comunidade.<\/p>\n\n\n\n<p>J\u00e1 o projeto \u201c<a href=\"https:\/\/solvefortomorrowlatam.com\/pratica\/estudantes-desenvolvem-colmeia-inteligente-para-promover-apicultura-sustentavel\/\">Apyphore<\/a>&#8220;, finalista 2024 na Costa Rica, aproveitou a abordagem dos ODS para desenvolver uma solu\u00e7\u00e3o tecnol\u00f3gica para otimizar a apicultura e preservar as abelhas. Quando a equipe estudou a import\u00e2ncia das abelhas, notaram todos os ODS com liga\u00e7\u00e3o direta, como Sa\u00fade e Bem-estar. \u201cN\u00e3o era apenas uma quest\u00e3o de pensar em um problema, mas sim, a partir dele, quais outros problemas poder\u00edamos levar em conta para tornar o projeto completamente sustent\u00e1vel\u201d, aponta o professor mediador, Yamil Vega Diaz.<\/p>\n\n\n\n<p>Ao alinhar os projetos aos ODS, jovens desenvolvem habilidades como o <a href=\"https:\/\/solvefortomorrowlatam.com\/verbete\/pensamento-critico-aprendizagem-baseada-em-projetos\/\">pensamento cr\u00edtico<\/a>, <a href=\"https:\/\/solvefortomorrowlatam.com\/verbete\/colaboracao-aprendizagem-baseada-em-projetos\/\">colabora\u00e7\u00e3o<\/a>, protagonismo e cidadania. Maria Garcia, do CENPEC, confia que, ao serem instigados a identificar poss\u00edveis solu\u00e7\u00f5es para problemas de suas comunidades, os estudantes s\u00e3o capazes de perceber que problemas locais t\u00eam impactos globais e vice-versa. \u201cAinda que o objetivo principal n\u00e3o seja resolver o problema central daquele ODS, mais amplo e de uma magnitude global, \u00e9 poss\u00edvel estabelecer rela\u00e7\u00f5es com o que se observa e se vive no cotidiano daquela localidade\u201d, conclui.&nbsp;<\/p>\n\n\n\n<h2 class=\"wp-block-heading\"><strong>Conhe\u00e7a os 17 Objetivos de Desenvolvimento Sustent\u00e1vel da ONU:<\/strong><\/h2>\n\n\n\n<ol class=\"wp-block-list\">\n<li>Erradica\u00e7\u00e3o da pobreza<\/li>\n\n\n\n<li>Fome zero e agricultura sustent\u00e1vel<\/li>\n\n\n\n<li>Sa\u00fade e bem-estar<\/li>\n\n\n\n<li>Educa\u00e7\u00e3o de qualidade<\/li>\n\n\n\n<li>Igualdade de g\u00eanero<\/li>\n\n\n\n<li>\u00c1gua pot\u00e1vel e saneamento<\/li>\n\n\n\n<li>Energia limpa e acess\u00edvel<\/li>\n\n\n\n<li>Trabalho decente e crescimento econ\u00f4mico<\/li>\n\n\n\n<li>Ind\u00fastria, inova\u00e7\u00e3o e infraestrutura<\/li>\n\n\n\n<li>Redu\u00e7\u00e3o das desigualdades<\/li>\n\n\n\n<li>Cidades e comunidades sustent\u00e1veis<\/li>\n\n\n\n<li>Consumo e produ\u00e7\u00e3o respons\u00e1veis<\/li>\n\n\n\n<li>A\u00e7\u00e3o contra a mudan\u00e7a global do clima<\/li>\n\n\n\n<li>Vida na \u00e1gua<\/li>\n\n\n\n<li>Vida terrestre<\/li>\n\n\n\n<li>Paz, justi\u00e7a e institui\u00e7\u00f5es eficazes<\/li>\n\n\n\n<li>Parcerias e meios de implementa\u00e7\u00e3o<\/li>\n<\/ol>\n","protected":false},"excerpt":{"rendered":"<p>Voc\u00ea conhece a sigla ODS? Os Objetivos de Desenvolvimento Sustent\u00e1vel s\u00e3o as metas estipuladas pelas Na\u00e7\u00f5es Unidas globalmente para enfrentar desafios, como a pobreza e as amea\u00e7as \u00e0 sa\u00fade. No total, s\u00e3o 17 ODS que o mundo deve atingir, em uma a\u00e7\u00e3o conjunta, para ter um mundo melhor at\u00e9 2030. \u00c0 primeira vista, o tema<\/p>\n","protected":false},"author":25,"featured_media":9862,"parent":0,"menu_order":0,"comment_status":"closed","ping_status":"closed","template":"","meta":{"_acf_changed":false,"footnotes":""},"class_list":["post-9865","page","type-page","status-publish","has-post-thumbnail","hentry"],"acf":[],"yoast_head":"<!-- This site is optimized with the Yoast SEO plugin v27.1.1 - https:\/\/yoast.com\/product\/yoast-seo-wordpress\/ -->\n<title>ODS na escola: como inspirar projetos sustent\u00e1veis<\/title>\n<meta name=\"description\" content=\"Descubra como os ODS podem inspirar projetos pr\u00e1ticos e interdisciplinares no ensino m\u00e9dio, desenvolvendo cidadania e pensamento cr\u00edtico.\" \/>\n<meta name=\"robots\" content=\"index, follow, max-snippet:-1, max-image-preview:large, max-video-preview:-1\" \/>\n<link rel=\"canonical\" href=\"https:\/\/solvefortomorrowlatam.com\/en\/como-registrar-a-memoria-de-um-projeto-stem\/\" \/>\n<meta property=\"og:locale\" content=\"en_US\" \/>\n<meta property=\"og:type\" content=\"article\" \/>\n<meta property=\"og:title\" content=\"ODS na escola: como inspirar projetos sustent\u00e1veis\" \/>\n<meta property=\"og:description\" content=\"Descubra como os ODS podem inspirar projetos pr\u00e1ticos e interdisciplinares no ensino m\u00e9dio, desenvolvendo cidadania e pensamento cr\u00edtico.\" \/>\n<meta property=\"og:url\" content=\"https:\/\/solvefortomorrowlatam.com\/en\/como-registrar-a-memoria-de-um-projeto-stem\/\" \/>\n<meta property=\"og:site_name\" content=\"Solve for Tomorrow Latam\" \/>\n<meta property=\"article:modified_time\" content=\"2025-03-25T20:04:11+00:00\" \/>\n<meta property=\"og:image\" content=\"https:\/\/solvefortomorrowlatam.com\/wp-content\/uploads\/2025\/03\/Samsung-dia-I-24-scaled.jpg\" \/>\n\t<meta property=\"og:image:width\" content=\"2560\" \/>\n\t<meta property=\"og:image:height\" content=\"1703\" \/>\n\t<meta property=\"og:image:type\" content=\"image\/jpeg\" \/>\n<meta name=\"twitter:card\" content=\"summary_large_image\" \/>\n<meta name=\"twitter:label1\" content=\"Est. reading time\" \/>\n\t<meta name=\"twitter:data1\" content=\"5 minutes\" \/>\n<script type=\"application\/ld+json\" class=\"yoast-schema-graph\">{\"@context\":\"https:\/\/schema.org\",\"@graph\":[{\"@type\":\"WebPage\",\"@id\":\"https:\/\/solvefortomorrowlatam.com\/en\/como-registrar-a-memoria-de-um-projeto-stem\/\",\"url\":\"https:\/\/solvefortomorrowlatam.com\/en\/como-registrar-a-memoria-de-um-projeto-stem\/\",\"name\":\"ODS na escola: como inspirar projetos sustent\u00e1veis\",\"isPartOf\":{\"@id\":\"https:\/\/solvefortomorrowlatam.com\/en\/#website\"},\"primaryImageOfPage\":{\"@id\":\"https:\/\/solvefortomorrowlatam.com\/en\/como-registrar-a-memoria-de-um-projeto-stem\/#primaryimage\"},\"image\":{\"@id\":\"https:\/\/solvefortomorrowlatam.com\/en\/como-registrar-a-memoria-de-um-projeto-stem\/#primaryimage\"},\"thumbnailUrl\":\"https:\/\/solvefortomorrowlatam.com\/wp-content\/uploads\/2025\/03\/Samsung-dia-I-24-scaled.jpg\",\"datePublished\":\"2025-03-25T20:03:17+00:00\",\"dateModified\":\"2025-03-25T20:04:11+00:00\",\"description\":\"Descubra como os ODS podem inspirar projetos pr\u00e1ticos e interdisciplinares no ensino m\u00e9dio, desenvolvendo cidadania e pensamento cr\u00edtico.\",\"breadcrumb\":{\"@id\":\"https:\/\/solvefortomorrowlatam.com\/en\/como-registrar-a-memoria-de-um-projeto-stem\/#breadcrumb\"},\"inLanguage\":\"en-US\",\"potentialAction\":[{\"@type\":\"ReadAction\",\"target\":[\"https:\/\/solvefortomorrowlatam.com\/en\/como-registrar-a-memoria-de-um-projeto-stem\/\"]}]},{\"@type\":\"ImageObject\",\"inLanguage\":\"en-US\",\"@id\":\"https:\/\/solvefortomorrowlatam.com\/en\/como-registrar-a-memoria-de-um-projeto-stem\/#primaryimage\",\"url\":\"https:\/\/solvefortomorrowlatam.com\/wp-content\/uploads\/2025\/03\/Samsung-dia-I-24-scaled.jpg\",\"contentUrl\":\"https:\/\/solvefortomorrowlatam.com\/wp-content\/uploads\/2025\/03\/Samsung-dia-I-24-scaled.jpg\",\"width\":2560,\"height\":1703,\"caption\":\"Jovens interagem de forma divertida durante uma atividade em grupo, promovendo engajamento e colabora\u00e7\u00e3o em um ambiente educativo e inclusivo.\"},{\"@type\":\"BreadcrumbList\",\"@id\":\"https:\/\/solvefortomorrowlatam.com\/en\/como-registrar-a-memoria-de-um-projeto-stem\/#breadcrumb\",\"itemListElement\":[{\"@type\":\"ListItem\",\"position\":1,\"name\":\"Home\",\"item\":\"https:\/\/solvefortomorrowlatam.com\/en\/\"},{\"@type\":\"ListItem\",\"position\":2,\"name\":\"Como registrar a mem\u00f3ria de um projeto STEM\"}]},{\"@type\":\"WebSite\",\"@id\":\"https:\/\/solvefortomorrowlatam.com\/en\/#website\",\"url\":\"https:\/\/solvefortomorrowlatam.com\/en\/\",\"name\":\"Solve for Tomorrow Latam\",\"description\":\"A\u00e7\u00f5es educativas para empoderar jovens na transforma\u00e7\u00e3o da sociedade\",\"publisher\":{\"@id\":\"https:\/\/solvefortomorrowlatam.com\/en\/#organization\"},\"potentialAction\":[{\"@type\":\"SearchAction\",\"target\":{\"@type\":\"EntryPoint\",\"urlTemplate\":\"https:\/\/solvefortomorrowlatam.com\/en\/?s={search_term_string}\"},\"query-input\":{\"@type\":\"PropertyValueSpecification\",\"valueRequired\":true,\"valueName\":\"search_term_string\"}}],\"inLanguage\":\"en-US\"},{\"@type\":\"Organization\",\"@id\":\"https:\/\/solvefortomorrowlatam.com\/en\/#organization\",\"name\":\"Samsung Solve for Tomorrow Latam\",\"url\":\"https:\/\/solvefortomorrowlatam.com\/en\/\",\"logo\":{\"@type\":\"ImageObject\",\"inLanguage\":\"en-US\",\"@id\":\"https:\/\/solvefortomorrowlatam.com\/en\/#\/schema\/logo\/image\/\",\"url\":\"https:\/\/solvefortomorrowlatam.com\/wp-content\/uploads\/2022\/08\/cropped-favicon.png\",\"contentUrl\":\"https:\/\/solvefortomorrowlatam.com\/wp-content\/uploads\/2022\/08\/cropped-favicon.png\",\"width\":512,\"height\":512,\"caption\":\"Samsung Solve for Tomorrow Latam\"},\"image\":{\"@id\":\"https:\/\/solvefortomorrowlatam.com\/en\/#\/schema\/logo\/image\/\"}}]}<\/script>\n<!-- \/ Yoast SEO plugin. -->","yoast_head_json":{"title":"ODS na escola: como inspirar projetos sustent\u00e1veis","description":"Descubra como os ODS podem inspirar projetos pr\u00e1ticos e interdisciplinares no ensino m\u00e9dio, desenvolvendo cidadania e pensamento cr\u00edtico.","robots":{"index":"index","follow":"follow","max-snippet":"max-snippet:-1","max-image-preview":"max-image-preview:large","max-video-preview":"max-video-preview:-1"},"canonical":"https:\/\/solvefortomorrowlatam.com\/en\/como-registrar-a-memoria-de-um-projeto-stem\/","og_locale":"en_US","og_type":"article","og_title":"ODS na escola: como inspirar projetos sustent\u00e1veis","og_description":"Descubra como os ODS podem inspirar projetos pr\u00e1ticos e interdisciplinares no ensino m\u00e9dio, desenvolvendo cidadania e pensamento cr\u00edtico.","og_url":"https:\/\/solvefortomorrowlatam.com\/en\/como-registrar-a-memoria-de-um-projeto-stem\/","og_site_name":"Solve for Tomorrow Latam","article_modified_time":"2025-03-25T20:04:11+00:00","og_image":[{"width":2560,"height":1703,"url":"https:\/\/solvefortomorrowlatam.com\/wp-content\/uploads\/2025\/03\/Samsung-dia-I-24-scaled.jpg","type":"image\/jpeg"}],"twitter_card":"summary_large_image","twitter_misc":{"Est. reading time":"5 minutes"},"schema":{"@context":"https:\/\/schema.org","@graph":[{"@type":"WebPage","@id":"https:\/\/solvefortomorrowlatam.com\/en\/como-registrar-a-memoria-de-um-projeto-stem\/","url":"https:\/\/solvefortomorrowlatam.com\/en\/como-registrar-a-memoria-de-um-projeto-stem\/","name":"ODS na escola: como inspirar projetos sustent\u00e1veis","isPartOf":{"@id":"https:\/\/solvefortomorrowlatam.com\/en\/#website"},"primaryImageOfPage":{"@id":"https:\/\/solvefortomorrowlatam.com\/en\/como-registrar-a-memoria-de-um-projeto-stem\/#primaryimage"},"image":{"@id":"https:\/\/solvefortomorrowlatam.com\/en\/como-registrar-a-memoria-de-um-projeto-stem\/#primaryimage"},"thumbnailUrl":"https:\/\/solvefortomorrowlatam.com\/wp-content\/uploads\/2025\/03\/Samsung-dia-I-24-scaled.jpg","datePublished":"2025-03-25T20:03:17+00:00","dateModified":"2025-03-25T20:04:11+00:00","description":"Descubra como os ODS podem inspirar projetos pr\u00e1ticos e interdisciplinares no ensino m\u00e9dio, desenvolvendo cidadania e pensamento cr\u00edtico.","breadcrumb":{"@id":"https:\/\/solvefortomorrowlatam.com\/en\/como-registrar-a-memoria-de-um-projeto-stem\/#breadcrumb"},"inLanguage":"en-US","potentialAction":[{"@type":"ReadAction","target":["https:\/\/solvefortomorrowlatam.com\/en\/como-registrar-a-memoria-de-um-projeto-stem\/"]}]},{"@type":"ImageObject","inLanguage":"en-US","@id":"https:\/\/solvefortomorrowlatam.com\/en\/como-registrar-a-memoria-de-um-projeto-stem\/#primaryimage","url":"https:\/\/solvefortomorrowlatam.com\/wp-content\/uploads\/2025\/03\/Samsung-dia-I-24-scaled.jpg","contentUrl":"https:\/\/solvefortomorrowlatam.com\/wp-content\/uploads\/2025\/03\/Samsung-dia-I-24-scaled.jpg","width":2560,"height":1703,"caption":"Jovens interagem de forma divertida durante uma atividade em grupo, promovendo engajamento e colabora\u00e7\u00e3o em um ambiente educativo e inclusivo."},{"@type":"BreadcrumbList","@id":"https:\/\/solvefortomorrowlatam.com\/en\/como-registrar-a-memoria-de-um-projeto-stem\/#breadcrumb","itemListElement":[{"@type":"ListItem","position":1,"name":"Home","item":"https:\/\/solvefortomorrowlatam.com\/en\/"},{"@type":"ListItem","position":2,"name":"Como registrar a mem\u00f3ria de um projeto STEM"}]},{"@type":"WebSite","@id":"https:\/\/solvefortomorrowlatam.com\/en\/#website","url":"https:\/\/solvefortomorrowlatam.com\/en\/","name":"Solve for Tomorrow Latam","description":"A\u00e7\u00f5es educativas para empoderar jovens na transforma\u00e7\u00e3o da sociedade","publisher":{"@id":"https:\/\/solvefortomorrowlatam.com\/en\/#organization"},"potentialAction":[{"@type":"SearchAction","target":{"@type":"EntryPoint","urlTemplate":"https:\/\/solvefortomorrowlatam.com\/en\/?s={search_term_string}"},"query-input":{"@type":"PropertyValueSpecification","valueRequired":true,"valueName":"search_term_string"}}],"inLanguage":"en-US"},{"@type":"Organization","@id":"https:\/\/solvefortomorrowlatam.com\/en\/#organization","name":"Samsung Solve for Tomorrow Latam","url":"https:\/\/solvefortomorrowlatam.com\/en\/","logo":{"@type":"ImageObject","inLanguage":"en-US","@id":"https:\/\/solvefortomorrowlatam.com\/en\/#\/schema\/logo\/image\/","url":"https:\/\/solvefortomorrowlatam.com\/wp-content\/uploads\/2022\/08\/cropped-favicon.png","contentUrl":"https:\/\/solvefortomorrowlatam.com\/wp-content\/uploads\/2022\/08\/cropped-favicon.png","width":512,"height":512,"caption":"Samsung Solve for Tomorrow Latam"},"image":{"@id":"https:\/\/solvefortomorrowlatam.com\/en\/#\/schema\/logo\/image\/"}}]}},"_links":{"self":[{"href":"https:\/\/solvefortomorrowlatam.com\/en\/wp-json\/wp\/v2\/pages\/9865","targetHints":{"allow":["GET"]}}],"collection":[{"href":"https:\/\/solvefortomorrowlatam.com\/en\/wp-json\/wp\/v2\/pages"}],"about":[{"href":"https:\/\/solvefortomorrowlatam.com\/en\/wp-json\/wp\/v2\/types\/page"}],"author":[{"embeddable":true,"href":"https:\/\/solvefortomorrowlatam.com\/en\/wp-json\/wp\/v2\/users\/25"}],"replies":[{"embeddable":true,"href":"https:\/\/solvefortomorrowlatam.com\/en\/wp-json\/wp\/v2\/comments?post=9865"}],"version-history":[{"count":0,"href":"https:\/\/solvefortomorrowlatam.com\/en\/wp-json\/wp\/v2\/pages\/9865\/revisions"}],"wp:featuredmedia":[{"embeddable":true,"href":"https:\/\/solvefortomorrowlatam.com\/en\/wp-json\/wp\/v2\/media\/9862"}],"wp:attachment":[{"href":"https:\/\/solvefortomorrowlatam.com\/en\/wp-json\/wp\/v2\/media?parent=9865"}],"curies":[{"name":"wp","href":"https:\/\/api.w.org\/{rel}","templated":true}]}}