{"id":2391,"date":"2022-07-24T21:42:01","date_gmt":"2022-07-25T00:42:01","guid":{"rendered":"https:\/\/solvefortomorrowlatam.com\/?page_id=2391"},"modified":"2023-01-27T18:12:38","modified_gmt":"2023-01-27T21:12:38","slug":"faq","status":"publish","type":"page","link":"https:\/\/solvefortomorrowlatam.com\/es\/faq\/","title":{"rendered":"Preguntas frecuentes"},"content":{"rendered":"\n<p>Despeje sus dudas sobre el programa <strong>Samsung Solve for Tomorrow<\/strong>. En caso de que no encuentre su respuesta aqu\u00ed, visite la p\u00e1gina del programa en su pa\u00eds.<\/p>\n","protected":false},"excerpt":{"rendered":"<p>Despeje sus dudas sobre el programa Samsung Solve for Tomorrow. En caso de que no encuentre su respuesta aqu\u00ed, visite la p\u00e1gina del programa en su pa\u00eds.<\/p>\n","protected":false},"author":1,"featured_media":5687,"parent":0,"menu_order":0,"comment_status":"closed","ping_status":"closed","template":"template-faq.php","meta":{"_acf_changed":false,"footnotes":""},"class_list":["post-2391","page","type-page","status-publish","has-post-thumbnail","hentry"],"acf":[],"yoast_head":"<!-- This site is optimized with the Yoast SEO plugin v27.1.1 - https:\/\/yoast.com\/product\/yoast-seo-wordpress\/ -->\n<title>Preguntas y respuestas - Solve for Tomorrow en Latinoam\u00e9rica<\/title>\n<meta name=\"description\" content=\"Preguntas y respuestas Solve for Tomorrow: entiende mejor c\u00f3mo funciona el programa en Am\u00e9rica Latina.\" \/>\n<meta name=\"robots\" content=\"index, follow, max-snippet:-1, max-image-preview:large, max-video-preview:-1\" \/>\n<link rel=\"canonical\" href=\"https:\/\/solvefortomorrowlatam.com\/es\/faq\/\" \/>\n<meta property=\"og:locale\" content=\"es_ES\" \/>\n<meta property=\"og:type\" content=\"article\" \/>\n<meta property=\"og:title\" content=\"Preguntas y respuestas - Solve for Tomorrow en Latinoam\u00e9rica\" \/>\n<meta property=\"og:description\" content=\"Preguntas y respuestas Solve for Tomorrow: entiende mejor c\u00f3mo funciona el programa en Am\u00e9rica Latina.\" \/>\n<meta property=\"og:url\" content=\"https:\/\/solvefortomorrowlatam.com\/es\/faq\/\" \/>\n<meta property=\"og:site_name\" content=\"Solve for Tomorrow Latam\" \/>\n<meta property=\"article:modified_time\" content=\"2023-01-27T21:12:38+00:00\" \/>\n<meta property=\"og:image\" content=\"https:\/\/solvefortomorrowlatam.com\/wp-content\/uploads\/2022\/12\/logo-thumb.png\" \/>\n\t<meta property=\"og:image:width\" content=\"700\" \/>\n\t<meta property=\"og:image:height\" content=\"801\" \/>\n\t<meta property=\"og:image:type\" content=\"image\/png\" \/>\n<meta name=\"twitter:card\" content=\"summary_large_image\" \/>\n<meta name=\"twitter:label1\" content=\"Est. reading time\" \/>\n\t<meta name=\"twitter:data1\" content=\"1 minute\" \/>\n<script type=\"application\/ld+json\" class=\"yoast-schema-graph\">{\"@context\":\"https:\/\/schema.org\",\"@graph\":[{\"@type\":\"WebPage\",\"@id\":\"https:\/\/solvefortomorrowlatam.com\/es\/faq\/\",\"url\":\"https:\/\/solvefortomorrowlatam.com\/es\/faq\/\",\"name\":\"Preguntas y respuestas - Solve for Tomorrow en Latinoam\u00e9rica\",\"isPartOf\":{\"@id\":\"https:\/\/solvefortomorrowlatam.com\/es\/#website\"},\"primaryImageOfPage\":{\"@id\":\"https:\/\/solvefortomorrowlatam.com\/es\/faq\/#primaryimage\"},\"image\":{\"@id\":\"https:\/\/solvefortomorrowlatam.com\/es\/faq\/#primaryimage\"},\"thumbnailUrl\":\"https:\/\/solvefortomorrowlatam.com\/wp-content\/uploads\/2022\/12\/logo-thumb.png\",\"datePublished\":\"2022-07-25T00:42:01+00:00\",\"dateModified\":\"2023-01-27T21:12:38+00:00\",\"description\":\"Preguntas y respuestas Solve for Tomorrow: entiende mejor c\u00f3mo funciona el programa en Am\u00e9rica Latina.\",\"breadcrumb\":{\"@id\":\"https:\/\/solvefortomorrowlatam.com\/es\/faq\/#breadcrumb\"},\"inLanguage\":\"es-ES\",\"potentialAction\":[{\"@type\":\"ReadAction\",\"target\":[\"https:\/\/solvefortomorrowlatam.com\/es\/faq\/\"]}]},{\"@type\":\"ImageObject\",\"inLanguage\":\"es-ES\",\"@id\":\"https:\/\/solvefortomorrowlatam.com\/es\/faq\/#primaryimage\",\"url\":\"https:\/\/solvefortomorrowlatam.com\/wp-content\/uploads\/2022\/12\/logo-thumb.png\",\"contentUrl\":\"https:\/\/solvefortomorrowlatam.com\/wp-content\/uploads\/2022\/12\/logo-thumb.png\",\"width\":700,\"height\":801,\"caption\":\"Aprendizagem baseada em projetos - STEM EDUCATION\"},{\"@type\":\"BreadcrumbList\",\"@id\":\"https:\/\/solvefortomorrowlatam.com\/es\/faq\/#breadcrumb\",\"itemListElement\":[{\"@type\":\"ListItem\",\"position\":1,\"name\":\"Home\",\"item\":\"https:\/\/solvefortomorrowlatam.com\/es\/\"},{\"@type\":\"ListItem\",\"position\":2,\"name\":\"Preguntas frecuentes\"}]},{\"@type\":\"WebSite\",\"@id\":\"https:\/\/solvefortomorrowlatam.com\/es\/#website\",\"url\":\"https:\/\/solvefortomorrowlatam.com\/es\/\",\"name\":\"Solve for Tomorrow Latam\",\"description\":\"A\u00e7\u00f5es educativas para empoderar jovens na transforma\u00e7\u00e3o da sociedade\",\"publisher\":{\"@id\":\"https:\/\/solvefortomorrowlatam.com\/es\/#organization\"},\"potentialAction\":[{\"@type\":\"SearchAction\",\"target\":{\"@type\":\"EntryPoint\",\"urlTemplate\":\"https:\/\/solvefortomorrowlatam.com\/es\/?s={search_term_string}\"},\"query-input\":{\"@type\":\"PropertyValueSpecification\",\"valueRequired\":true,\"valueName\":\"search_term_string\"}}],\"inLanguage\":\"es-ES\"},{\"@type\":\"Organization\",\"@id\":\"https:\/\/solvefortomorrowlatam.com\/es\/#organization\",\"name\":\"Samsung Solve for Tomorrow Latam\",\"url\":\"https:\/\/solvefortomorrowlatam.com\/es\/\",\"logo\":{\"@type\":\"ImageObject\",\"inLanguage\":\"es-ES\",\"@id\":\"https:\/\/solvefortomorrowlatam.com\/es\/#\/schema\/logo\/image\/\",\"url\":\"https:\/\/solvefortomorrowlatam.com\/wp-content\/uploads\/2022\/08\/cropped-favicon.png\",\"contentUrl\":\"https:\/\/solvefortomorrowlatam.com\/wp-content\/uploads\/2022\/08\/cropped-favicon.png\",\"width\":512,\"height\":512,\"caption\":\"Samsung Solve for Tomorrow Latam\"},\"image\":{\"@id\":\"https:\/\/solvefortomorrowlatam.com\/es\/#\/schema\/logo\/image\/\"}}]}<\/script>\n<!-- \/ Yoast SEO plugin. -->","yoast_head_json":{"title":"Preguntas y respuestas - Solve for Tomorrow en Latinoam\u00e9rica","description":"Preguntas y respuestas Solve for Tomorrow: entiende mejor c\u00f3mo funciona el programa en Am\u00e9rica Latina.","robots":{"index":"index","follow":"follow","max-snippet":"max-snippet:-1","max-image-preview":"max-image-preview:large","max-video-preview":"max-video-preview:-1"},"canonical":"https:\/\/solvefortomorrowlatam.com\/es\/faq\/","og_locale":"es_ES","og_type":"article","og_title":"Preguntas y respuestas - Solve for Tomorrow en Latinoam\u00e9rica","og_description":"Preguntas y respuestas Solve for Tomorrow: entiende mejor c\u00f3mo funciona el programa en Am\u00e9rica Latina.","og_url":"https:\/\/solvefortomorrowlatam.com\/es\/faq\/","og_site_name":"Solve for Tomorrow Latam","article_modified_time":"2023-01-27T21:12:38+00:00","og_image":[{"width":700,"height":801,"url":"https:\/\/solvefortomorrowlatam.com\/wp-content\/uploads\/2022\/12\/logo-thumb.png","type":"image\/png"}],"twitter_card":"summary_large_image","twitter_misc":{"Est. reading time":"1 minute"},"schema":{"@context":"https:\/\/schema.org","@graph":[{"@type":"WebPage","@id":"https:\/\/solvefortomorrowlatam.com\/es\/faq\/","url":"https:\/\/solvefortomorrowlatam.com\/es\/faq\/","name":"Preguntas y respuestas - Solve for Tomorrow en Latinoam\u00e9rica","isPartOf":{"@id":"https:\/\/solvefortomorrowlatam.com\/es\/#website"},"primaryImageOfPage":{"@id":"https:\/\/solvefortomorrowlatam.com\/es\/faq\/#primaryimage"},"image":{"@id":"https:\/\/solvefortomorrowlatam.com\/es\/faq\/#primaryimage"},"thumbnailUrl":"https:\/\/solvefortomorrowlatam.com\/wp-content\/uploads\/2022\/12\/logo-thumb.png","datePublished":"2022-07-25T00:42:01+00:00","dateModified":"2023-01-27T21:12:38+00:00","description":"Preguntas y respuestas Solve for Tomorrow: entiende mejor c\u00f3mo funciona el programa en Am\u00e9rica Latina.","breadcrumb":{"@id":"https:\/\/solvefortomorrowlatam.com\/es\/faq\/#breadcrumb"},"inLanguage":"es-ES","potentialAction":[{"@type":"ReadAction","target":["https:\/\/solvefortomorrowlatam.com\/es\/faq\/"]}]},{"@type":"ImageObject","inLanguage":"es-ES","@id":"https:\/\/solvefortomorrowlatam.com\/es\/faq\/#primaryimage","url":"https:\/\/solvefortomorrowlatam.com\/wp-content\/uploads\/2022\/12\/logo-thumb.png","contentUrl":"https:\/\/solvefortomorrowlatam.com\/wp-content\/uploads\/2022\/12\/logo-thumb.png","width":700,"height":801,"caption":"Aprendizagem baseada em projetos - STEM EDUCATION"},{"@type":"BreadcrumbList","@id":"https:\/\/solvefortomorrowlatam.com\/es\/faq\/#breadcrumb","itemListElement":[{"@type":"ListItem","position":1,"name":"Home","item":"https:\/\/solvefortomorrowlatam.com\/es\/"},{"@type":"ListItem","position":2,"name":"Preguntas frecuentes"}]},{"@type":"WebSite","@id":"https:\/\/solvefortomorrowlatam.com\/es\/#website","url":"https:\/\/solvefortomorrowlatam.com\/es\/","name":"Solve for Tomorrow Latam","description":"A\u00e7\u00f5es educativas para empoderar jovens na transforma\u00e7\u00e3o da sociedade","publisher":{"@id":"https:\/\/solvefortomorrowlatam.com\/es\/#organization"},"potentialAction":[{"@type":"SearchAction","target":{"@type":"EntryPoint","urlTemplate":"https:\/\/solvefortomorrowlatam.com\/es\/?s={search_term_string}"},"query-input":{"@type":"PropertyValueSpecification","valueRequired":true,"valueName":"search_term_string"}}],"inLanguage":"es-ES"},{"@type":"Organization","@id":"https:\/\/solvefortomorrowlatam.com\/es\/#organization","name":"Samsung Solve for Tomorrow Latam","url":"https:\/\/solvefortomorrowlatam.com\/es\/","logo":{"@type":"ImageObject","inLanguage":"es-ES","@id":"https:\/\/solvefortomorrowlatam.com\/es\/#\/schema\/logo\/image\/","url":"https:\/\/solvefortomorrowlatam.com\/wp-content\/uploads\/2022\/08\/cropped-favicon.png","contentUrl":"https:\/\/solvefortomorrowlatam.com\/wp-content\/uploads\/2022\/08\/cropped-favicon.png","width":512,"height":512,"caption":"Samsung Solve for Tomorrow Latam"},"image":{"@id":"https:\/\/solvefortomorrowlatam.com\/es\/#\/schema\/logo\/image\/"}}]}},"_links":{"self":[{"href":"https:\/\/solvefortomorrowlatam.com\/es\/wp-json\/wp\/v2\/pages\/2391","targetHints":{"allow":["GET"]}}],"collection":[{"href":"https:\/\/solvefortomorrowlatam.com\/es\/wp-json\/wp\/v2\/pages"}],"about":[{"href":"https:\/\/solvefortomorrowlatam.com\/es\/wp-json\/wp\/v2\/types\/page"}],"author":[{"embeddable":true,"href":"https:\/\/solvefortomorrowlatam.com\/es\/wp-json\/wp\/v2\/users\/1"}],"replies":[{"embeddable":true,"href":"https:\/\/solvefortomorrowlatam.com\/es\/wp-json\/wp\/v2\/comments?post=2391"}],"version-history":[{"count":0,"href":"https:\/\/solvefortomorrowlatam.com\/es\/wp-json\/wp\/v2\/pages\/2391\/revisions"}],"wp:featuredmedia":[{"embeddable":true,"href":"https:\/\/solvefortomorrowlatam.com\/es\/wp-json\/wp\/v2\/media\/5687"}],"wp:attachment":[{"href":"https:\/\/solvefortomorrowlatam.com\/es\/wp-json\/wp\/v2\/media?parent=2391"}],"curies":[{"name":"wp","href":"https:\/\/api.w.org\/{rel}","templated":true}]}}