{"id":2572,"date":"2022-07-30T10:39:40","date_gmt":"2022-07-30T13:39:40","guid":{"rendered":"https:\/\/solvefortomorrowlatam.com\/projetos\/"},"modified":"2026-03-23T21:30:10","modified_gmt":"2026-03-24T00:30:10","slug":"proyectos","status":"publish","type":"page","link":"https:\/\/solvefortomorrowlatam.com\/es\/proyectos\/","title":{"rendered":"Galer\u00eda de proyectos"},"content":{"rendered":"\n<p>Aprenda e insp\u00edrese con los relatos de profesores sobre los proyectos y sus experiencias en <strong>Samsung Solve for Tomorrow<\/strong>.<\/p>\n","protected":false},"excerpt":{"rendered":"<p>Aprenda e insp\u00edrese con los relatos de profesores sobre los proyectos y sus experiencias en Samsung Solve for Tomorrow.<\/p>\n","protected":false},"author":1,"featured_media":0,"parent":0,"menu_order":0,"comment_status":"closed","ping_status":"closed","template":"template-galeria.php","meta":{"_acf_changed":false,"footnotes":""},"class_list":["post-2572","page","type-page","status-publish","hentry"],"acf":[],"yoast_head":"<!-- This site is optimized with the Yoast SEO plugin v27.1.1 - https:\/\/yoast.com\/product\/yoast-seo-wordpress\/ -->\n<title>Repositorio de proyectos escolares con impacto real<\/title>\n<meta name=\"description\" content=\"Explora un repositorio de proyectos escolares con soluciones comunitarias e inspira a tus estudiantes con aprendizaje basado en retos reales.\" \/>\n<meta name=\"robots\" content=\"index, follow, max-snippet:-1, max-image-preview:large, max-video-preview:-1\" \/>\n<link rel=\"canonical\" href=\"https:\/\/solvefortomorrowlatam.com\/es\/proyectos\/\" \/>\n<meta property=\"og:locale\" content=\"es_ES\" \/>\n<meta property=\"og:type\" content=\"article\" \/>\n<meta property=\"og:title\" content=\"Repositorio de proyectos escolares con impacto real\" \/>\n<meta property=\"og:description\" content=\"Explora un repositorio de proyectos escolares con soluciones comunitarias e inspira a tus estudiantes con aprendizaje basado en retos reales.\" \/>\n<meta property=\"og:url\" content=\"https:\/\/solvefortomorrowlatam.com\/es\/proyectos\/\" \/>\n<meta property=\"og:site_name\" content=\"Solve for Tomorrow Latam\" \/>\n<meta property=\"article:modified_time\" content=\"2026-03-24T00:30:10+00:00\" \/>\n<meta name=\"twitter:card\" content=\"summary_large_image\" \/>\n<meta name=\"twitter:label1\" content=\"Est. reading time\" \/>\n\t<meta name=\"twitter:data1\" content=\"1 minute\" \/>\n<script type=\"application\/ld+json\" class=\"yoast-schema-graph\">{\"@context\":\"https:\/\/schema.org\",\"@graph\":[{\"@type\":\"WebPage\",\"@id\":\"https:\/\/solvefortomorrowlatam.com\/es\/proyectos\/\",\"url\":\"https:\/\/solvefortomorrowlatam.com\/es\/proyectos\/\",\"name\":\"Repositorio de proyectos escolares con impacto real\",\"isPartOf\":{\"@id\":\"https:\/\/solvefortomorrowlatam.com\/es\/#website\"},\"datePublished\":\"2022-07-30T13:39:40+00:00\",\"dateModified\":\"2026-03-24T00:30:10+00:00\",\"description\":\"Explora un repositorio de proyectos escolares con soluciones comunitarias e inspira a tus estudiantes con aprendizaje basado en retos reales.\",\"breadcrumb\":{\"@id\":\"https:\/\/solvefortomorrowlatam.com\/es\/proyectos\/#breadcrumb\"},\"inLanguage\":\"es-ES\",\"potentialAction\":[{\"@type\":\"ReadAction\",\"target\":[\"https:\/\/solvefortomorrowlatam.com\/es\/proyectos\/\"]}]},{\"@type\":\"BreadcrumbList\",\"@id\":\"https:\/\/solvefortomorrowlatam.com\/es\/proyectos\/#breadcrumb\",\"itemListElement\":[{\"@type\":\"ListItem\",\"position\":1,\"name\":\"Home\",\"item\":\"https:\/\/solvefortomorrowlatam.com\/es\/\"},{\"@type\":\"ListItem\",\"position\":2,\"name\":\"Galer\u00eda de proyectos\"}]},{\"@type\":\"WebSite\",\"@id\":\"https:\/\/solvefortomorrowlatam.com\/es\/#website\",\"url\":\"https:\/\/solvefortomorrowlatam.com\/es\/\",\"name\":\"Solve for Tomorrow Latam\",\"description\":\"A\u00e7\u00f5es educativas para empoderar jovens na transforma\u00e7\u00e3o da sociedade\",\"publisher\":{\"@id\":\"https:\/\/solvefortomorrowlatam.com\/es\/#organization\"},\"potentialAction\":[{\"@type\":\"SearchAction\",\"target\":{\"@type\":\"EntryPoint\",\"urlTemplate\":\"https:\/\/solvefortomorrowlatam.com\/es\/?s={search_term_string}\"},\"query-input\":{\"@type\":\"PropertyValueSpecification\",\"valueRequired\":true,\"valueName\":\"search_term_string\"}}],\"inLanguage\":\"es-ES\"},{\"@type\":\"Organization\",\"@id\":\"https:\/\/solvefortomorrowlatam.com\/es\/#organization\",\"name\":\"Samsung Solve for Tomorrow Latam\",\"url\":\"https:\/\/solvefortomorrowlatam.com\/es\/\",\"logo\":{\"@type\":\"ImageObject\",\"inLanguage\":\"es-ES\",\"@id\":\"https:\/\/solvefortomorrowlatam.com\/es\/#\/schema\/logo\/image\/\",\"url\":\"https:\/\/solvefortomorrowlatam.com\/wp-content\/uploads\/2022\/08\/cropped-favicon.png\",\"contentUrl\":\"https:\/\/solvefortomorrowlatam.com\/wp-content\/uploads\/2022\/08\/cropped-favicon.png\",\"width\":512,\"height\":512,\"caption\":\"Samsung Solve for Tomorrow Latam\"},\"image\":{\"@id\":\"https:\/\/solvefortomorrowlatam.com\/es\/#\/schema\/logo\/image\/\"}}]}<\/script>\n<!-- \/ Yoast SEO plugin. -->","yoast_head_json":{"title":"Repositorio de proyectos escolares con impacto real","description":"Explora un repositorio de proyectos escolares con soluciones comunitarias e inspira a tus estudiantes con aprendizaje basado en retos reales.","robots":{"index":"index","follow":"follow","max-snippet":"max-snippet:-1","max-image-preview":"max-image-preview:large","max-video-preview":"max-video-preview:-1"},"canonical":"https:\/\/solvefortomorrowlatam.com\/es\/proyectos\/","og_locale":"es_ES","og_type":"article","og_title":"Repositorio de proyectos escolares con impacto real","og_description":"Explora un repositorio de proyectos escolares con soluciones comunitarias e inspira a tus estudiantes con aprendizaje basado en retos reales.","og_url":"https:\/\/solvefortomorrowlatam.com\/es\/proyectos\/","og_site_name":"Solve for Tomorrow Latam","article_modified_time":"2026-03-24T00:30:10+00:00","twitter_card":"summary_large_image","twitter_misc":{"Est. reading time":"1 minute"},"schema":{"@context":"https:\/\/schema.org","@graph":[{"@type":"WebPage","@id":"https:\/\/solvefortomorrowlatam.com\/es\/proyectos\/","url":"https:\/\/solvefortomorrowlatam.com\/es\/proyectos\/","name":"Repositorio de proyectos escolares con impacto real","isPartOf":{"@id":"https:\/\/solvefortomorrowlatam.com\/es\/#website"},"datePublished":"2022-07-30T13:39:40+00:00","dateModified":"2026-03-24T00:30:10+00:00","description":"Explora un repositorio de proyectos escolares con soluciones comunitarias e inspira a tus estudiantes con aprendizaje basado en retos reales.","breadcrumb":{"@id":"https:\/\/solvefortomorrowlatam.com\/es\/proyectos\/#breadcrumb"},"inLanguage":"es-ES","potentialAction":[{"@type":"ReadAction","target":["https:\/\/solvefortomorrowlatam.com\/es\/proyectos\/"]}]},{"@type":"BreadcrumbList","@id":"https:\/\/solvefortomorrowlatam.com\/es\/proyectos\/#breadcrumb","itemListElement":[{"@type":"ListItem","position":1,"name":"Home","item":"https:\/\/solvefortomorrowlatam.com\/es\/"},{"@type":"ListItem","position":2,"name":"Galer\u00eda de proyectos"}]},{"@type":"WebSite","@id":"https:\/\/solvefortomorrowlatam.com\/es\/#website","url":"https:\/\/solvefortomorrowlatam.com\/es\/","name":"Solve for Tomorrow Latam","description":"A\u00e7\u00f5es educativas para empoderar jovens na transforma\u00e7\u00e3o da sociedade","publisher":{"@id":"https:\/\/solvefortomorrowlatam.com\/es\/#organization"},"potentialAction":[{"@type":"SearchAction","target":{"@type":"EntryPoint","urlTemplate":"https:\/\/solvefortomorrowlatam.com\/es\/?s={search_term_string}"},"query-input":{"@type":"PropertyValueSpecification","valueRequired":true,"valueName":"search_term_string"}}],"inLanguage":"es-ES"},{"@type":"Organization","@id":"https:\/\/solvefortomorrowlatam.com\/es\/#organization","name":"Samsung Solve for Tomorrow Latam","url":"https:\/\/solvefortomorrowlatam.com\/es\/","logo":{"@type":"ImageObject","inLanguage":"es-ES","@id":"https:\/\/solvefortomorrowlatam.com\/es\/#\/schema\/logo\/image\/","url":"https:\/\/solvefortomorrowlatam.com\/wp-content\/uploads\/2022\/08\/cropped-favicon.png","contentUrl":"https:\/\/solvefortomorrowlatam.com\/wp-content\/uploads\/2022\/08\/cropped-favicon.png","width":512,"height":512,"caption":"Samsung Solve for Tomorrow Latam"},"image":{"@id":"https:\/\/solvefortomorrowlatam.com\/es\/#\/schema\/logo\/image\/"}}]}},"_links":{"self":[{"href":"https:\/\/solvefortomorrowlatam.com\/es\/wp-json\/wp\/v2\/pages\/2572","targetHints":{"allow":["GET"]}}],"collection":[{"href":"https:\/\/solvefortomorrowlatam.com\/es\/wp-json\/wp\/v2\/pages"}],"about":[{"href":"https:\/\/solvefortomorrowlatam.com\/es\/wp-json\/wp\/v2\/types\/page"}],"author":[{"embeddable":true,"href":"https:\/\/solvefortomorrowlatam.com\/es\/wp-json\/wp\/v2\/users\/1"}],"replies":[{"embeddable":true,"href":"https:\/\/solvefortomorrowlatam.com\/es\/wp-json\/wp\/v2\/comments?post=2572"}],"version-history":[{"count":1,"href":"https:\/\/solvefortomorrowlatam.com\/es\/wp-json\/wp\/v2\/pages\/2572\/revisions"}],"predecessor-version":[{"id":11591,"href":"https:\/\/solvefortomorrowlatam.com\/es\/wp-json\/wp\/v2\/pages\/2572\/revisions\/11591"}],"wp:attachment":[{"href":"https:\/\/solvefortomorrowlatam.com\/es\/wp-json\/wp\/v2\/media?parent=2572"}],"curies":[{"name":"wp","href":"https:\/\/api.w.org\/{rel}","templated":true}]}}