{"id":2672,"date":"2022-08-22T00:12:30","date_gmt":"2022-08-22T03:12:30","guid":{"rendered":"https:\/\/solvefortomorrowlatam.com\/educacao-conectada\/"},"modified":"2024-05-20T14:13:02","modified_gmt":"2024-05-20T17:13:02","slug":"educacion-conectada","status":"publish","type":"page","link":"https:\/\/solvefortomorrowlatam.com\/es\/educacion-conectada\/","title":{"rendered":"Educaci\u00f3n conectada"},"content":{"rendered":"\n<p>El programa <strong>Samsung Solve for Tomorrow<\/strong> invierte en pr\u00e1cticas pedag\u00f3gicas que movilizan a j\u00f3venes, profesores, escuelas y comunidades en el desarrollo de proyectos capaces de resolver problemas reales que afectan su vida cotidiana. A trav\u00e9s del <a href=\"https:\/\/solvefortomorrowlatam.com\/es\/educacion-conectada\/aprendizaje-basado-en-proyectos\/\" target=\"_blank\" rel=\"noreferrer noopener\">Aprendizaje Basado en Proyectos (PBL)<\/a>, centr\u00e1ndose en el enfoque STEM (Ciencia, Tecnolog\u00eda, Ingenier\u00eda y Matem\u00e1tica, en ingl\u00e9s), y fomentando la <a href=\"https:\/\/solvefortomorrowlatam.com\/es\/entrada\/creatividad\/\" target=\"_blank\" rel=\"noreferrer noopener\">creatividad<\/a>, liderazgo y <a href=\"https:\/\/solvefortomorrowlatam.com\/es\/entrada\/colaboracion-aprendizaje-basado-en-proyectos\/\" target=\"_blank\" rel=\"noreferrer noopener\">colaboraci\u00f3n<\/a>, los j\u00f3venes desarrollan las habilidades y competencias necesarias para navegar y contribuir activamente a la soluci\u00f3n de grandes desaf\u00edos contempor\u00e1neos.<\/p>\n\n\n\n<figure class=\"wp-block-embed is-type-video is-provider-youtube wp-block-embed-youtube wp-embed-aspect-16-9 wp-has-aspect-ratio\"><div class=\"wp-block-embed__wrapper\">\n<div class=\"embed-responsive embed-responsive-16by9 ratio ratio-16x9\"><iframe loading=\"lazy\" class=\"embed-responsive-item\"  title=\"SFT Educac\u0327a\u0303o ES\" width=\"500\" height=\"281\" src=\"https:\/\/www.youtube.com\/embed\/0YVn31_UAm8?list=PL-Etg8TyJtnCtpcKiJbRRle_buGIqvCYk\" frameborder=\"0\" allow=\"accelerometer; autoplay; clipboard-write; encrypted-media; gyroscope; picture-in-picture; web-share\" referrerpolicy=\"strict-origin-when-cross-origin\" allowfullscreen><\/iframe><\/div>\n<\/div><\/figure>\n\n\n\n<h2 class=\"wp-block-heading\">Solve for Tomorrow: El papel del professor mediador<\/h2>\n\n\n\n<p>En esta perspectiva, los profesores se convierten en <a href=\"https:\/\/solvefortomorrowlatam.com\/es\/entrada\/profesor-mediador\" target=\"_blank\" rel=\"noreferrer noopener\">mediadores<\/a>, apoyando a los estudiantes en sus investigaciones, en sus relaciones interpersonales, tejiendo las relaciones curriculares necesarias, validando la importancia de los pasos del m\u00e9todo cient\u00edfico y alent\u00e1ndolos a no desistir, lidiando con sus inseguridades y frustraciones.<\/p>\n\n\n\n<div style=\"height:60px\" aria-hidden=\"true\" class=\"wp-block-spacer\"><\/div>\n\n\n\n<figure class=\"wp-block-image size-full\"><img loading=\"lazy\" decoding=\"async\" width=\"800\" height=\"606\" src=\"https:\/\/solvefortomorrowlatam.com\/wp-content\/uploads\/2022\/10\/infografia-educacion-conectada.png\" alt=\"Infograf\u00eda Educacion Conectada\" class=\"wp-image-4865\" srcset=\"https:\/\/solvefortomorrowlatam.com\/wp-content\/uploads\/2022\/10\/infografia-educacion-conectada.png 800w, https:\/\/solvefortomorrowlatam.com\/wp-content\/uploads\/2022\/10\/infografia-educacion-conectada-300x227.png 300w, https:\/\/solvefortomorrowlatam.com\/wp-content\/uploads\/2022\/10\/infografia-educacion-conectada-768x582.png 768w\" sizes=\"auto, (max-width: 800px) 100vw, 800px\" \/><\/figure>\n\n\n\n<div style=\"height:60px\" aria-hidden=\"true\" class=\"wp-block-spacer\"><\/div>\n","protected":false},"excerpt":{"rendered":"<p>El programa Samsung Solve for Tomorrow invierte en pr\u00e1cticas pedag\u00f3gicas que movilizan a j\u00f3venes, profesores, escuelas y comunidades en el desarrollo de proyectos capaces de resolver problemas reales que afectan su vida cotidiana. A trav\u00e9s del Aprendizaje Basado en Proyectos (PBL), centr\u00e1ndose en el enfoque STEM (Ciencia, Tecnolog\u00eda, Ingenier\u00eda y Matem\u00e1tica, en ingl\u00e9s), y fomentando<\/p>\n","protected":false},"author":1,"featured_media":0,"parent":0,"menu_order":0,"comment_status":"closed","ping_status":"closed","template":"template-educacao-conectada.php","meta":{"_acf_changed":false,"footnotes":""},"class_list":["post-2672","page","type-page","status-publish","hentry"],"acf":[],"yoast_head":"<!-- This site is optimized with the Yoast SEO plugin v27.1.1 - https:\/\/yoast.com\/product\/yoast-seo-wordpress\/ -->\n<title>Educaci\u00f3n Conectada: uni\u00f3n entre enfoque STEM y design thinking<\/title>\n<meta name=\"description\" content=\"La educaci\u00f3n conectada une STEM y design thinking, estimulando habilidades y competencias para cocrear la sociedad del conocimiento.\" \/>\n<meta name=\"robots\" content=\"index, follow, max-snippet:-1, max-image-preview:large, max-video-preview:-1\" \/>\n<link rel=\"canonical\" href=\"https:\/\/solvefortomorrowlatam.com\/es\/educacion-conectada\/\" \/>\n<meta property=\"og:locale\" content=\"es_ES\" \/>\n<meta property=\"og:type\" content=\"article\" \/>\n<meta property=\"og:title\" content=\"Educaci\u00f3n Conectada: uni\u00f3n entre enfoque STEM y design thinking\" \/>\n<meta property=\"og:description\" content=\"La educaci\u00f3n conectada une STEM y design thinking, estimulando habilidades y competencias para cocrear la sociedad del conocimiento.\" \/>\n<meta property=\"og:url\" content=\"https:\/\/solvefortomorrowlatam.com\/es\/educacion-conectada\/\" \/>\n<meta property=\"og:site_name\" content=\"Solve for Tomorrow Latam\" \/>\n<meta property=\"article:modified_time\" content=\"2024-05-20T17:13:02+00:00\" \/>\n<meta property=\"og:image\" content=\"https:\/\/solvefortomorrowlatam.com\/wp-content\/uploads\/2022\/10\/infografia-educacion-conectada.png\" \/>\n<meta name=\"twitter:card\" content=\"summary_large_image\" \/>\n<meta name=\"twitter:label1\" content=\"Est. reading time\" \/>\n\t<meta name=\"twitter:data1\" content=\"1 minute\" \/>\n<script type=\"application\/ld+json\" class=\"yoast-schema-graph\">{\"@context\":\"https:\/\/schema.org\",\"@graph\":[{\"@type\":\"WebPage\",\"@id\":\"https:\/\/solvefortomorrowlatam.com\/es\/educacion-conectada\/\",\"url\":\"https:\/\/solvefortomorrowlatam.com\/es\/educacion-conectada\/\",\"name\":\"Educaci\u00f3n Conectada: uni\u00f3n entre enfoque STEM y design thinking\",\"isPartOf\":{\"@id\":\"https:\/\/solvefortomorrowlatam.com\/es\/#website\"},\"primaryImageOfPage\":{\"@id\":\"https:\/\/solvefortomorrowlatam.com\/es\/educacion-conectada\/#primaryimage\"},\"image\":{\"@id\":\"https:\/\/solvefortomorrowlatam.com\/es\/educacion-conectada\/#primaryimage\"},\"thumbnailUrl\":\"https:\/\/solvefortomorrowlatam.com\/wp-content\/uploads\/2022\/10\/infografia-educacion-conectada.png\",\"datePublished\":\"2022-08-22T03:12:30+00:00\",\"dateModified\":\"2024-05-20T17:13:02+00:00\",\"description\":\"La educaci\u00f3n conectada une STEM y design thinking, estimulando habilidades y competencias para cocrear la sociedad del conocimiento.\",\"breadcrumb\":{\"@id\":\"https:\/\/solvefortomorrowlatam.com\/es\/educacion-conectada\/#breadcrumb\"},\"inLanguage\":\"es-ES\",\"potentialAction\":[{\"@type\":\"ReadAction\",\"target\":[\"https:\/\/solvefortomorrowlatam.com\/es\/educacion-conectada\/\"]}]},{\"@type\":\"ImageObject\",\"inLanguage\":\"es-ES\",\"@id\":\"https:\/\/solvefortomorrowlatam.com\/es\/educacion-conectada\/#primaryimage\",\"url\":\"https:\/\/solvefortomorrowlatam.com\/wp-content\/uploads\/2022\/10\/infografia-educacion-conectada.png\",\"contentUrl\":\"https:\/\/solvefortomorrowlatam.com\/wp-content\/uploads\/2022\/10\/infografia-educacion-conectada.png\"},{\"@type\":\"BreadcrumbList\",\"@id\":\"https:\/\/solvefortomorrowlatam.com\/es\/educacion-conectada\/#breadcrumb\",\"itemListElement\":[{\"@type\":\"ListItem\",\"position\":1,\"name\":\"Home\",\"item\":\"https:\/\/solvefortomorrowlatam.com\/es\/\"},{\"@type\":\"ListItem\",\"position\":2,\"name\":\"Educaci\u00f3n conectada\"}]},{\"@type\":\"WebSite\",\"@id\":\"https:\/\/solvefortomorrowlatam.com\/es\/#website\",\"url\":\"https:\/\/solvefortomorrowlatam.com\/es\/\",\"name\":\"Solve for Tomorrow Latam\",\"description\":\"A\u00e7\u00f5es educativas para empoderar jovens na transforma\u00e7\u00e3o da sociedade\",\"publisher\":{\"@id\":\"https:\/\/solvefortomorrowlatam.com\/es\/#organization\"},\"potentialAction\":[{\"@type\":\"SearchAction\",\"target\":{\"@type\":\"EntryPoint\",\"urlTemplate\":\"https:\/\/solvefortomorrowlatam.com\/es\/?s={search_term_string}\"},\"query-input\":{\"@type\":\"PropertyValueSpecification\",\"valueRequired\":true,\"valueName\":\"search_term_string\"}}],\"inLanguage\":\"es-ES\"},{\"@type\":\"Organization\",\"@id\":\"https:\/\/solvefortomorrowlatam.com\/es\/#organization\",\"name\":\"Samsung Solve for Tomorrow Latam\",\"url\":\"https:\/\/solvefortomorrowlatam.com\/es\/\",\"logo\":{\"@type\":\"ImageObject\",\"inLanguage\":\"es-ES\",\"@id\":\"https:\/\/solvefortomorrowlatam.com\/es\/#\/schema\/logo\/image\/\",\"url\":\"https:\/\/solvefortomorrowlatam.com\/wp-content\/uploads\/2022\/08\/cropped-favicon.png\",\"contentUrl\":\"https:\/\/solvefortomorrowlatam.com\/wp-content\/uploads\/2022\/08\/cropped-favicon.png\",\"width\":512,\"height\":512,\"caption\":\"Samsung Solve for Tomorrow Latam\"},\"image\":{\"@id\":\"https:\/\/solvefortomorrowlatam.com\/es\/#\/schema\/logo\/image\/\"}}]}<\/script>\n<!-- \/ Yoast SEO plugin. -->","yoast_head_json":{"title":"Educaci\u00f3n Conectada: uni\u00f3n entre enfoque STEM y design thinking","description":"La educaci\u00f3n conectada une STEM y design thinking, estimulando habilidades y competencias para cocrear la sociedad del conocimiento.","robots":{"index":"index","follow":"follow","max-snippet":"max-snippet:-1","max-image-preview":"max-image-preview:large","max-video-preview":"max-video-preview:-1"},"canonical":"https:\/\/solvefortomorrowlatam.com\/es\/educacion-conectada\/","og_locale":"es_ES","og_type":"article","og_title":"Educaci\u00f3n Conectada: uni\u00f3n entre enfoque STEM y design thinking","og_description":"La educaci\u00f3n conectada une STEM y design thinking, estimulando habilidades y competencias para cocrear la sociedad del conocimiento.","og_url":"https:\/\/solvefortomorrowlatam.com\/es\/educacion-conectada\/","og_site_name":"Solve for Tomorrow Latam","article_modified_time":"2024-05-20T17:13:02+00:00","og_image":[{"url":"https:\/\/solvefortomorrowlatam.com\/wp-content\/uploads\/2022\/10\/infografia-educacion-conectada.png","type":"","width":"","height":""}],"twitter_card":"summary_large_image","twitter_misc":{"Est. reading time":"1 minute"},"schema":{"@context":"https:\/\/schema.org","@graph":[{"@type":"WebPage","@id":"https:\/\/solvefortomorrowlatam.com\/es\/educacion-conectada\/","url":"https:\/\/solvefortomorrowlatam.com\/es\/educacion-conectada\/","name":"Educaci\u00f3n Conectada: uni\u00f3n entre enfoque STEM y design thinking","isPartOf":{"@id":"https:\/\/solvefortomorrowlatam.com\/es\/#website"},"primaryImageOfPage":{"@id":"https:\/\/solvefortomorrowlatam.com\/es\/educacion-conectada\/#primaryimage"},"image":{"@id":"https:\/\/solvefortomorrowlatam.com\/es\/educacion-conectada\/#primaryimage"},"thumbnailUrl":"https:\/\/solvefortomorrowlatam.com\/wp-content\/uploads\/2022\/10\/infografia-educacion-conectada.png","datePublished":"2022-08-22T03:12:30+00:00","dateModified":"2024-05-20T17:13:02+00:00","description":"La educaci\u00f3n conectada une STEM y design thinking, estimulando habilidades y competencias para cocrear la sociedad del conocimiento.","breadcrumb":{"@id":"https:\/\/solvefortomorrowlatam.com\/es\/educacion-conectada\/#breadcrumb"},"inLanguage":"es-ES","potentialAction":[{"@type":"ReadAction","target":["https:\/\/solvefortomorrowlatam.com\/es\/educacion-conectada\/"]}]},{"@type":"ImageObject","inLanguage":"es-ES","@id":"https:\/\/solvefortomorrowlatam.com\/es\/educacion-conectada\/#primaryimage","url":"https:\/\/solvefortomorrowlatam.com\/wp-content\/uploads\/2022\/10\/infografia-educacion-conectada.png","contentUrl":"https:\/\/solvefortomorrowlatam.com\/wp-content\/uploads\/2022\/10\/infografia-educacion-conectada.png"},{"@type":"BreadcrumbList","@id":"https:\/\/solvefortomorrowlatam.com\/es\/educacion-conectada\/#breadcrumb","itemListElement":[{"@type":"ListItem","position":1,"name":"Home","item":"https:\/\/solvefortomorrowlatam.com\/es\/"},{"@type":"ListItem","position":2,"name":"Educaci\u00f3n conectada"}]},{"@type":"WebSite","@id":"https:\/\/solvefortomorrowlatam.com\/es\/#website","url":"https:\/\/solvefortomorrowlatam.com\/es\/","name":"Solve for Tomorrow Latam","description":"A\u00e7\u00f5es educativas para empoderar jovens na transforma\u00e7\u00e3o da sociedade","publisher":{"@id":"https:\/\/solvefortomorrowlatam.com\/es\/#organization"},"potentialAction":[{"@type":"SearchAction","target":{"@type":"EntryPoint","urlTemplate":"https:\/\/solvefortomorrowlatam.com\/es\/?s={search_term_string}"},"query-input":{"@type":"PropertyValueSpecification","valueRequired":true,"valueName":"search_term_string"}}],"inLanguage":"es-ES"},{"@type":"Organization","@id":"https:\/\/solvefortomorrowlatam.com\/es\/#organization","name":"Samsung Solve for Tomorrow Latam","url":"https:\/\/solvefortomorrowlatam.com\/es\/","logo":{"@type":"ImageObject","inLanguage":"es-ES","@id":"https:\/\/solvefortomorrowlatam.com\/es\/#\/schema\/logo\/image\/","url":"https:\/\/solvefortomorrowlatam.com\/wp-content\/uploads\/2022\/08\/cropped-favicon.png","contentUrl":"https:\/\/solvefortomorrowlatam.com\/wp-content\/uploads\/2022\/08\/cropped-favicon.png","width":512,"height":512,"caption":"Samsung Solve for Tomorrow Latam"},"image":{"@id":"https:\/\/solvefortomorrowlatam.com\/es\/#\/schema\/logo\/image\/"}}]}},"_links":{"self":[{"href":"https:\/\/solvefortomorrowlatam.com\/es\/wp-json\/wp\/v2\/pages\/2672","targetHints":{"allow":["GET"]}}],"collection":[{"href":"https:\/\/solvefortomorrowlatam.com\/es\/wp-json\/wp\/v2\/pages"}],"about":[{"href":"https:\/\/solvefortomorrowlatam.com\/es\/wp-json\/wp\/v2\/types\/page"}],"author":[{"embeddable":true,"href":"https:\/\/solvefortomorrowlatam.com\/es\/wp-json\/wp\/v2\/users\/1"}],"replies":[{"embeddable":true,"href":"https:\/\/solvefortomorrowlatam.com\/es\/wp-json\/wp\/v2\/comments?post=2672"}],"version-history":[{"count":0,"href":"https:\/\/solvefortomorrowlatam.com\/es\/wp-json\/wp\/v2\/pages\/2672\/revisions"}],"wp:attachment":[{"href":"https:\/\/solvefortomorrowlatam.com\/es\/wp-json\/wp\/v2\/media?parent=2672"}],"curies":[{"name":"wp","href":"https:\/\/api.w.org\/{rel}","templated":true}]}}