{"id":6402,"date":"2022-11-30T15:26:34","date_gmt":"2022-11-30T18:26:34","guid":{"rendered":"https:\/\/solvefortomorrowlatam.com\/termos-e-condicoes\/"},"modified":"2026-03-23T21:57:33","modified_gmt":"2026-03-24T00:57:33","slug":"terminos-y-condiciones","status":"publish","type":"page","link":"https:\/\/solvefortomorrowlatam.com\/es\/terminos-y-condiciones\/","title":{"rendered":"T\u00e9rminos y Condiciones de la plataforma \u201cSolve for Tomorrow Latam\u201d"},"content":{"rendered":"\n<p>Fecha de vigencia: 15 de febrero de 2023<\/p>\n\n\n\n<p>POR FAVOR LEA ATENTAMENTE LOS T\u00c9RMINOS Y CONDICIONES ANTES DE UTILIZAR LA APLICACI\u00d3N.<\/p>\n\n\n\n<p>SOLVE FOR TOMORROW LATAM (\u201cPlataforma\u201d) es una Plataforma desarrollada y proporcionada por la Oficina Regional de Samsung Eletr\u00f4nica da Amaz\u00f4nia Ltda para Am\u00e9rica Latina (\u201cSamsung Latin America Office\u201d), para el programa de ciudadan\u00eda corporativa global de Samsung Solve for Tomorrow, que tiene como objetivo fortalecer el inter\u00e9s de los j\u00f3venes en Ciencia, Tecnolog\u00eda, Ingenier\u00eda y Matem\u00e1ticas (educaci\u00f3n STEM) mediante la b\u00fasqueda de soluciones a los desaf\u00edos locales que afectan su vidas y comunidades. Construida a partir de las experiencias pr\u00e1cticas de Solve for Tomorrow, esta Plataforma tiene como objetivo reconocer y fortalecer la red de profesores comprometidos con el programa en Latinoam\u00e9rica ofrecer contenidos creados por profesores a otros usuarios, favoreciendo el intercambio de conocimientos de diversos pa\u00edses y contextos, adem\u00e1s de sistematizar la memoria de Solve for Tomorrow en la regi\u00f3n.<\/p>\n\n\n\n<p>En la Plataforma, el usuario encontrar\u00e1 servicios tales como:<\/p>\n\n\n\n<ul class=\"wp-block-list\">\n<li>Informaci\u00f3n sobre el programa Solve for Tomorrow en Am\u00e9rica Latina<\/li>\n\n\n\n<li>Textos para profundizar conocimientos en metodolog\u00edas de ense\u00f1anza estimulados por Solve for Tomorrow<\/li>\n\n\n\n<li>Pr\u00e1cticas inspiradoras sistematizadas a partir de entrevistas a docentes que participaron en Solve for Tomorrow en Am\u00e9rica Latina<\/li>\n\n\n\n<li>Galer\u00eda de proyectos con relatos de experiencias de profesores participantes de Solve for Tomorrow en Latinoam\u00e9rica<\/li>\n\n\n\n<li>Banco de materiales con recursos seleccionados para apoyar la implementaci\u00f3n de proyectos STEM en la escuela<\/li>\n\n\n\n<li>Glosario con definiciones r\u00e1pidas de conceptos importantes para la realizaci\u00f3n de proyectos STEM<\/li>\n\n\n\n<li>Mensajes corporativos de Samsung<\/li>\n<\/ul>\n\n\n\n<p>Al crear el usuario o usar la Plataforma y aceptar los T\u00e9rminos y condiciones de la misma, (\u201cT\u00e9rminos\u201d) est\u00e1 confirmando que:<\/p>\n\n\n\n<ol class=\"wp-block-list\">\n<li>Tiene m\u00e1s de 18 a\u00f1os; o<\/li>\n\n\n\n<li>Usted es un menor (\u201cMenor\u201d) menor de 18 a\u00f1os que ha revisado estos T\u00e9rminos con su madre, padre o tutor legal para comprender y aceptar los t\u00e9rminos y condiciones aqu\u00ed comprendidos<\/li>\n\n\n\n<li>Si usted es un padre o representante legal que permite que un Menor use la Plataforma, est\u00e1 aceptando: (i) supervisar el uso de la Plataforma por parte del Menor; (ii) asumir cualquier riesgo asociado con el uso de la Plataforma por parte del Menor, (iii) asumir cualquier responsabilidad que resulte del uso de la Plataforma por parte del Menor; (iv) asegurar la exactitud y veracidad de toda la informaci\u00f3n presentada por el Menor; y (v) asumir responsabilidades y obligaciones relacionadas con estos T\u00e9rminos con respecto al acceso y uso de la Plataforma por parte del Menor;&nbsp;<\/li>\n\n\n\n<li>Es posible que no pueda crear un usuario o utilizar nuestra Plataforma debido a nuestra pol\u00edtica de accesibilidad de contenido para menores de edad de acuerdo con las leyes y reglamentos aplicables de su pa\u00eds.<\/li>\n<\/ol>\n\n\n\n<p>No utilice esta plataforma si es menor de 18 a\u00f1os y no cuenta con la orientaci\u00f3n y aceptaci\u00f3n de sus padres o representantes legales.<\/p>\n\n\n\n<p>Es posible que, de vez en cuando, modifiquemos los T\u00e9rminos, por ejemplo, para reflejar cambios legales o incluso de la propia Plataforma. Si se produjeran cambios sustanciales que afecten su uso de la Plataforma, haremos un esfuerzo para notificarle con anticipaci\u00f3n.<\/p>\n\n\n\n<h2 class=\"wp-block-heading\">1. <strong>Concesi\u00f3n de Licencia y Restricciones<\/strong><\/h2>\n\n\n\n<p><strong>1.1<\/strong> Por la presente, Samsung otorga al Usuario el derecho y la licencia gratuitos, no exclusivos, intransferibles, limitados, personales y revocables para acceder y utilizar la Plataforma, \u00fanicamente para uso personal del Usuario.<\/p>\n\n\n\n<p><strong>1.2<\/strong> El Usuario reconoce y acepta que Samsung podr\u00e1 utilizar empresas de terceros, contratadas como proveedores de servicios t\u00e9cnicos, para el mantenimiento t\u00e9cnico y la operaci\u00f3n del flujo de informaci\u00f3n intercambiada en la Plataforma.<\/p>\n\n\n\n<h2 class=\"wp-block-heading\">2. <strong><strong>Seguridad<\/strong><\/strong><\/h2>\n\n\n\n<p><strong>2.1<\/strong> Samsung trabaja arduamente para proteger la seguridad de todos los usuarios de la plataforma.<\/p>\n\n\n\n<p><strong>2.2<\/strong> Para ayudar a Samsung a cumplir con estos prop\u00f3sitos, el Usuario acepta:<\/p>\n\n\n\n<ul class=\"wp-block-list\">\n<li>No realizar ingenier\u00eda inversa, descompilar, desensamblar o intentar descubrir el c\u00f3digo fuente o los algoritmos de la Plataforma.<\/li>\n\n\n\n<li>No modificar o deshabilitar ninguna caracter\u00edstica de la Plataforma.<\/li>\n\n\n\n<li>No prestar ni sublicenciar ning\u00fan contenido en la Plataforma.<\/li>\n\n\n\n<li>No vulnerar nuestra propiedad intelectual o los derechos de terceros al utilizar la Plataforma.<\/li>\n\n\n\n<li>No usar la Plataforma de ninguna manera que viole estos T\u00e9rminos o cualquier ley, regla, reglamento, c\u00f3digo de pr\u00e1ctica, lineamientos o cualquier otro requisito de las autoridades reguladoras.<\/li>\n\n\n\n<li>No usar la Plataforma de ninguna manera que pueda da\u00f1ar, deshabilitar, sobrecargar, deteriorar o comprometer nuestros sistemas o&nbsp; seguridad o interferir con otros usuarios.<\/li>\n\n\n\n<li>No recabar informaci\u00f3n o datos de la Plataforma, tales como, pero no limit\u00e1ndose a copiar, extraer, transferir o utilizar indebidamente im\u00e1genes y textos.<\/li>\n<\/ul>\n\n\n\n<p><strong>2.3<\/strong> Si hubiera incumplimiento o sospecha de incumplimiento por parte del Usuario de cualquier disposici\u00f3n de estos T\u00e9rminos, Samsung puede inmediatamente (i) suspender o revocar el uso de la Plataforma por parte del Usuario; (ii) impedir el acceso a la Plataforma y\/o (iii) tomar las medidas judiciales y extrajudiciales que correspondan en conformidad con la ley.<\/p>\n\n\n\n<h2 class=\"wp-block-heading\">3. <strong>Confidencialidad<\/strong><\/h2>\n\n\n\n<p>La Plataforma est\u00e1 destinada exclusivamente a la implementaci\u00f3n y difusi\u00f3n del programa Solve for Tomorrow de Samsung y el p\u00fablico objetivo se definir\u00e1 de acuerdo con los criterios internos de Samsung. Toda la informaci\u00f3n, contenidos e im\u00e1genes son confidenciales, salvo que se trate de contenidos puestos a disposici\u00f3n o publicados con el consentimiento de los propios usuarios en los espacios destinados a tal efecto; como, por ejemplo, los contenidos tratados en el apartado \u201c6.<\/p>\n\n\n\n<p>Contenidos de los Usuarios\u201d de estos T\u00e9rminos y Condiciones. El Usuario no debe hacer uso de estos sin el permiso de Samsung.<\/p>\n\n\n\n<h2 class=\"wp-block-heading\">4. <strong>Privacidad y Protecci\u00f3n de Datos Personales<\/strong><\/h2>\n\n\n\n<p>Consulte nuestra Pol\u00edtica de Privacidad para obtener m\u00e1s informaci\u00f3n sobre c\u00f3mo Samsung protege y maneja la informaci\u00f3n y los datos personales cuando el Usuario utiliza la Plataforma.<\/p>\n\n\n\n<h2 class=\"wp-block-heading\">5. <strong><strong><strong>Aplicaciones de Terceros<\/strong><\/strong><\/strong><\/h2>\n\n\n\n<p>La Plataforma puede incluir enlaces o acceso a aplicaciones de terceros. Dicho acceso no puede interpretarse como un respaldo, patrocinio o afiliaci\u00f3n. Samsung no ejerce ning\u00fan control sobre estas otras aplicaciones de terceros y no es responsable de la disponibilidad, el funcionamiento, la calidad, el contenido, la publicidad, los productos u otros materiales incluidos en las mismas. Samsung no ser\u00e1 responsable, directa o indirectamente, de ning\u00fan da\u00f1o o p\u00e9rdida (incluida la p\u00e9rdida de datos) en que incurra o sufra cualquier usuario en relaci\u00f3n con esto. El acceso y uso de Aplicaciones de terceros, incluida la informaci\u00f3n, el material, los productos y las ofertas de estos, es bajo&nbsp; riesgo del propio usuario. El uso de aplicaciones de terceros puede requerir su acuerdo para separar t\u00e9rminos y condiciones por escrito.<\/p>\n\n\n\n<h2 class=\"wp-block-heading\">6. <strong>Contenido del Usuario<\/strong><\/h2>\n\n\n\n<p>Algunas funcionalidades de nuestra Plataforma permiten compartir contenidos como proyectos presentados en ediciones locales de Solve for Tomorrow en Latinoam\u00e9rica, comentarios, mensajes o documentos. Al compartir contenido, el Usuario contin\u00faa siendo propietario de los derechos de propiedad intelectual de su contenido y es libre de compartirlo como lo desee. Sin embargo, para enviar su contenido a nuestra Plataforma, debe otorgarnos una licencia para el material creado o cargado usando nuestra Plataforma. Al cargar, transmitir, crear, publicar, mostrar o proporcionar cualquier informaci\u00f3n, materiales, documentos, archivos multimedia u otro contenido en o a trav\u00e9s de nuestro servicio (\u201cContenido de usuario\u201d), se nos otorga una licencia gratuita, libre de regal\u00edas, irrevocable, ilimitada, derechos globales y no exclusivos para copiar, reproducir, adaptar, modificar, editar, distribuir, traducir, publicar, realizar y mostrar p\u00fablicamente dicho Contenido de usuario (\u201cLicencia de contenido de usuario\u201d). Hacemos todo lo posible para mantener seguro el Contenido del usuario, pero no somos responsables si parte de su contenido u otros datos se pierden y\/o si causa alguna consecuencia o responsabilidad en relaci\u00f3n con este Contenido (incluidas las p\u00e9rdidas o da\u00f1os sufridos o incurridos por nosotros u otros usuarios). Espec\u00edficamente para el men\u00fa Galer\u00eda de Proyectos, al enviar un proyecto para que est\u00e9 disponible en dicho men\u00fa, usted se compromete a garantizar el otorgamiento de la Licencia de Contenido de Usuario por parte de todos los miembros del equipo que desarrollaron el proyecto (estudiantes y profesores).<\/p>\n\n\n\n<h2 class=\"wp-block-heading\">7. <strong>\u00bfA qui\u00e9n debe dirigirse el Usuario en caso de consultas?<\/strong><\/h2>\n\n\n\n<p>En caso de consultas o mayor informaci\u00f3n sobre estos T\u00e9rminos y\/o sobre las pr\u00e1cticas de Samsung, comun\u00edquese con el \u00e1rea responsable de Solve For Tomorrow o env\u00ede un correo electr\u00f3nico a:<\/p>\n\n\n\n<p>&#8211; Correo electr\u00f3nico: sftlatam@samsung.com<\/p>\n","protected":false},"excerpt":{"rendered":"<p>Fecha de vigencia: 15 de febrero de 2023 POR FAVOR LEA ATENTAMENTE LOS T\u00c9RMINOS Y CONDICIONES ANTES DE UTILIZAR LA APLICACI\u00d3N. SOLVE FOR TOMORROW LATAM (\u201cPlataforma\u201d) es una Plataforma desarrollada y proporcionada por la Oficina Regional de Samsung Eletr\u00f4nica da Amaz\u00f4nia Ltda para Am\u00e9rica Latina (\u201cSamsung Latin America Office\u201d), para el programa de ciudadan\u00eda corporativa<\/p>\n","protected":false},"author":1,"featured_media":0,"parent":0,"menu_order":0,"comment_status":"closed","ping_status":"closed","template":"","meta":{"_acf_changed":false,"footnotes":""},"class_list":["post-6402","page","type-page","status-publish","hentry"],"acf":[],"yoast_head":"<!-- This site is optimized with the Yoast SEO plugin v27.1.1 - https:\/\/yoast.com\/product\/yoast-seo-wordpress\/ -->\n<title>T\u00e9rminos y condiciones de Solve for Tomorrow<\/title>\n<meta name=\"description\" content=\"Review the Solve for Tomorrow program terms and conditions and understand the guidelines for school and teacher participation.\" \/>\n<meta name=\"robots\" content=\"index, follow, max-snippet:-1, max-image-preview:large, max-video-preview:-1\" \/>\n<link rel=\"canonical\" href=\"https:\/\/solvefortomorrowlatam.com\/es\/terminos-y-condiciones\/\" \/>\n<meta property=\"og:locale\" content=\"es_ES\" \/>\n<meta property=\"og:type\" content=\"article\" \/>\n<meta property=\"og:title\" content=\"T\u00e9rminos y condiciones de Solve for Tomorrow\" \/>\n<meta property=\"og:description\" content=\"Review the Solve for Tomorrow program terms and conditions and understand the guidelines for school and teacher participation.\" \/>\n<meta property=\"og:url\" content=\"https:\/\/solvefortomorrowlatam.com\/es\/terminos-y-condiciones\/\" \/>\n<meta property=\"og:site_name\" content=\"Solve for Tomorrow Latam\" \/>\n<meta property=\"article:modified_time\" content=\"2026-03-24T00:57:33+00:00\" \/>\n<meta name=\"twitter:card\" content=\"summary_large_image\" \/>\n<meta name=\"twitter:label1\" content=\"Est. reading time\" \/>\n\t<meta name=\"twitter:data1\" content=\"8 minutes\" \/>\n<script type=\"application\/ld+json\" class=\"yoast-schema-graph\">{\"@context\":\"https:\/\/schema.org\",\"@graph\":[{\"@type\":\"WebPage\",\"@id\":\"https:\/\/solvefortomorrowlatam.com\/es\/terminos-y-condiciones\/\",\"url\":\"https:\/\/solvefortomorrowlatam.com\/es\/terminos-y-condiciones\/\",\"name\":\"T\u00e9rminos y condiciones de Solve for Tomorrow\",\"isPartOf\":{\"@id\":\"https:\/\/solvefortomorrowlatam.com\/es\/#website\"},\"datePublished\":\"2022-11-30T18:26:34+00:00\",\"dateModified\":\"2026-03-24T00:57:33+00:00\",\"description\":\"Review the Solve for Tomorrow program terms and conditions and understand the guidelines for school and teacher participation.\",\"breadcrumb\":{\"@id\":\"https:\/\/solvefortomorrowlatam.com\/es\/terminos-y-condiciones\/#breadcrumb\"},\"inLanguage\":\"es-ES\",\"potentialAction\":[{\"@type\":\"ReadAction\",\"target\":[\"https:\/\/solvefortomorrowlatam.com\/es\/terminos-y-condiciones\/\"]}]},{\"@type\":\"BreadcrumbList\",\"@id\":\"https:\/\/solvefortomorrowlatam.com\/es\/terminos-y-condiciones\/#breadcrumb\",\"itemListElement\":[{\"@type\":\"ListItem\",\"position\":1,\"name\":\"Home\",\"item\":\"https:\/\/solvefortomorrowlatam.com\/es\/\"},{\"@type\":\"ListItem\",\"position\":2,\"name\":\"T\u00e9rminos y Condiciones de la plataforma \u201cSolve for Tomorrow Latam\u201d\"}]},{\"@type\":\"WebSite\",\"@id\":\"https:\/\/solvefortomorrowlatam.com\/es\/#website\",\"url\":\"https:\/\/solvefortomorrowlatam.com\/es\/\",\"name\":\"Solve for Tomorrow Latam\",\"description\":\"A\u00e7\u00f5es educativas para empoderar jovens na transforma\u00e7\u00e3o da sociedade\",\"publisher\":{\"@id\":\"https:\/\/solvefortomorrowlatam.com\/es\/#organization\"},\"potentialAction\":[{\"@type\":\"SearchAction\",\"target\":{\"@type\":\"EntryPoint\",\"urlTemplate\":\"https:\/\/solvefortomorrowlatam.com\/es\/?s={search_term_string}\"},\"query-input\":{\"@type\":\"PropertyValueSpecification\",\"valueRequired\":true,\"valueName\":\"search_term_string\"}}],\"inLanguage\":\"es-ES\"},{\"@type\":\"Organization\",\"@id\":\"https:\/\/solvefortomorrowlatam.com\/es\/#organization\",\"name\":\"Samsung Solve for Tomorrow Latam\",\"url\":\"https:\/\/solvefortomorrowlatam.com\/es\/\",\"logo\":{\"@type\":\"ImageObject\",\"inLanguage\":\"es-ES\",\"@id\":\"https:\/\/solvefortomorrowlatam.com\/es\/#\/schema\/logo\/image\/\",\"url\":\"https:\/\/solvefortomorrowlatam.com\/wp-content\/uploads\/2022\/08\/cropped-favicon.png\",\"contentUrl\":\"https:\/\/solvefortomorrowlatam.com\/wp-content\/uploads\/2022\/08\/cropped-favicon.png\",\"width\":512,\"height\":512,\"caption\":\"Samsung Solve for Tomorrow Latam\"},\"image\":{\"@id\":\"https:\/\/solvefortomorrowlatam.com\/es\/#\/schema\/logo\/image\/\"}}]}<\/script>\n<!-- \/ Yoast SEO plugin. -->","yoast_head_json":{"title":"T\u00e9rminos y condiciones de Solve for Tomorrow","description":"Review the Solve for Tomorrow program terms and conditions and understand the guidelines for school and teacher participation.","robots":{"index":"index","follow":"follow","max-snippet":"max-snippet:-1","max-image-preview":"max-image-preview:large","max-video-preview":"max-video-preview:-1"},"canonical":"https:\/\/solvefortomorrowlatam.com\/es\/terminos-y-condiciones\/","og_locale":"es_ES","og_type":"article","og_title":"T\u00e9rminos y condiciones de Solve for Tomorrow","og_description":"Review the Solve for Tomorrow program terms and conditions and understand the guidelines for school and teacher participation.","og_url":"https:\/\/solvefortomorrowlatam.com\/es\/terminos-y-condiciones\/","og_site_name":"Solve for Tomorrow Latam","article_modified_time":"2026-03-24T00:57:33+00:00","twitter_card":"summary_large_image","twitter_misc":{"Est. reading time":"8 minutes"},"schema":{"@context":"https:\/\/schema.org","@graph":[{"@type":"WebPage","@id":"https:\/\/solvefortomorrowlatam.com\/es\/terminos-y-condiciones\/","url":"https:\/\/solvefortomorrowlatam.com\/es\/terminos-y-condiciones\/","name":"T\u00e9rminos y condiciones de Solve for Tomorrow","isPartOf":{"@id":"https:\/\/solvefortomorrowlatam.com\/es\/#website"},"datePublished":"2022-11-30T18:26:34+00:00","dateModified":"2026-03-24T00:57:33+00:00","description":"Review the Solve for Tomorrow program terms and conditions and understand the guidelines for school and teacher participation.","breadcrumb":{"@id":"https:\/\/solvefortomorrowlatam.com\/es\/terminos-y-condiciones\/#breadcrumb"},"inLanguage":"es-ES","potentialAction":[{"@type":"ReadAction","target":["https:\/\/solvefortomorrowlatam.com\/es\/terminos-y-condiciones\/"]}]},{"@type":"BreadcrumbList","@id":"https:\/\/solvefortomorrowlatam.com\/es\/terminos-y-condiciones\/#breadcrumb","itemListElement":[{"@type":"ListItem","position":1,"name":"Home","item":"https:\/\/solvefortomorrowlatam.com\/es\/"},{"@type":"ListItem","position":2,"name":"T\u00e9rminos y Condiciones de la plataforma \u201cSolve for Tomorrow Latam\u201d"}]},{"@type":"WebSite","@id":"https:\/\/solvefortomorrowlatam.com\/es\/#website","url":"https:\/\/solvefortomorrowlatam.com\/es\/","name":"Solve for Tomorrow Latam","description":"A\u00e7\u00f5es educativas para empoderar jovens na transforma\u00e7\u00e3o da sociedade","publisher":{"@id":"https:\/\/solvefortomorrowlatam.com\/es\/#organization"},"potentialAction":[{"@type":"SearchAction","target":{"@type":"EntryPoint","urlTemplate":"https:\/\/solvefortomorrowlatam.com\/es\/?s={search_term_string}"},"query-input":{"@type":"PropertyValueSpecification","valueRequired":true,"valueName":"search_term_string"}}],"inLanguage":"es-ES"},{"@type":"Organization","@id":"https:\/\/solvefortomorrowlatam.com\/es\/#organization","name":"Samsung Solve for Tomorrow Latam","url":"https:\/\/solvefortomorrowlatam.com\/es\/","logo":{"@type":"ImageObject","inLanguage":"es-ES","@id":"https:\/\/solvefortomorrowlatam.com\/es\/#\/schema\/logo\/image\/","url":"https:\/\/solvefortomorrowlatam.com\/wp-content\/uploads\/2022\/08\/cropped-favicon.png","contentUrl":"https:\/\/solvefortomorrowlatam.com\/wp-content\/uploads\/2022\/08\/cropped-favicon.png","width":512,"height":512,"caption":"Samsung Solve for Tomorrow Latam"},"image":{"@id":"https:\/\/solvefortomorrowlatam.com\/es\/#\/schema\/logo\/image\/"}}]}},"_links":{"self":[{"href":"https:\/\/solvefortomorrowlatam.com\/es\/wp-json\/wp\/v2\/pages\/6402","targetHints":{"allow":["GET"]}}],"collection":[{"href":"https:\/\/solvefortomorrowlatam.com\/es\/wp-json\/wp\/v2\/pages"}],"about":[{"href":"https:\/\/solvefortomorrowlatam.com\/es\/wp-json\/wp\/v2\/types\/page"}],"author":[{"embeddable":true,"href":"https:\/\/solvefortomorrowlatam.com\/es\/wp-json\/wp\/v2\/users\/1"}],"replies":[{"embeddable":true,"href":"https:\/\/solvefortomorrowlatam.com\/es\/wp-json\/wp\/v2\/comments?post=6402"}],"version-history":[{"count":1,"href":"https:\/\/solvefortomorrowlatam.com\/es\/wp-json\/wp\/v2\/pages\/6402\/revisions"}],"predecessor-version":[{"id":11598,"href":"https:\/\/solvefortomorrowlatam.com\/es\/wp-json\/wp\/v2\/pages\/6402\/revisions\/11598"}],"wp:attachment":[{"href":"https:\/\/solvefortomorrowlatam.com\/es\/wp-json\/wp\/v2\/media?parent=6402"}],"curies":[{"name":"wp","href":"https:\/\/api.w.org\/{rel}","templated":true}]}}