{"id":6412,"date":"2022-07-15T01:03:42","date_gmt":"2022-07-15T04:03:42","guid":{"rendered":"https:\/\/solvefortomorrowlatam.com\/politica-de-privacidade\/"},"modified":"2023-03-30T16:35:34","modified_gmt":"2023-03-30T19:35:34","slug":"politica-de-privacidad","status":"publish","type":"page","link":"https:\/\/solvefortomorrowlatam.com\/es\/politica-de-privacidad\/","title":{"rendered":"Pol\u00edtica de Privacidad da la plataforma &#8220;Solve for Tomorrow Latam&#8221;"},"content":{"rendered":"\n<p>Fecha de vigencia: 15 de febrero de 2023.<\/p>\n\n\n\n<p>Solve For Tomorrow Latam (\u201cPlataforma\u201d) es una plataforma desarrollada y ofrecida por la Oficina Regional de Samsung Eletr\u00f4nica da Amaz\u00f4nia Ltda. para Am\u00e9rica Latina (\u201cSamsung Latin America Office\u201d), para el Programa de Ciudadan\u00eda Corporativa global de Samsung, Solve for Tomorrow, que tiene como objetivo fortalecer el inter\u00e9s de los j\u00f3venes en Ciencia, Tecnolog\u00eda, Ingenier\u00eda y Matem\u00e1ticas (educaci\u00f3n STEM) a trav\u00e9s de la b\u00fasqueda de soluciones a los desaf\u00edos locales que afectan sus vidas y comunidades. Construida a partir de las experiencias pr\u00e1cticas de Solve for Tomorrow, esta Plataforma tiene como objetivo reconocer y fortalecer la red de profesores comprometidos con el programa en Latinoam\u00e9rica, ofrecer contenidos creados por profesores a otros usuarios, favoreciendo el intercambio de conocimientos de diversos pa\u00edses y contextos, adem\u00e1s de sistematizar la memoria de Solve for Tomorrow en la regi\u00f3n.<\/p>\n\n\n\n<p>Esta Pol\u00edtica de privacidad es importante ya que describe c\u00f3mo se utilizar\u00e1 su informaci\u00f3n personal para proporcionar esta Plataforma.<\/p>\n\n\n\n<h2 class=\"wp-block-heading\">\u00bfQu\u00e9 informaci\u00f3n recopilamos?<\/h2>\n\n\n\n<p>Al registrarse en la Plataforma, el \u201cUsuario\u201d proporciona los siguientes datos:<\/p>\n\n\n\n<p>Datos obligatorios de identificaci\u00f3n del Usuario: nombre, correo electr\u00f3nico y contrase\u00f1a.<br>Esta es la informaci\u00f3n necesaria para poner a disposici\u00f3n del Usuario todas las funcionalidades de la Plataforma.<\/p>\n\n\n\n<p>Informaci\u00f3n de identificaci\u00f3n del usuario opcional, como:<br>Identificaci\u00f3n personal: n\u00famero de tel\u00e9fono, ciudad, estado y pa\u00eds<br>Datos sobre su actividad profesional: cargo docente, materias que imparte, instituci\u00f3n y grupo de edad con el que trabajas<br>Participaci\u00f3n en el programa Solve for Tomorrow: a\u00f1o de participaci\u00f3n y ranking alcanzado<br>Perfil en Instagram y LinkedIn<br>Aceptar o no recibir comunicaciones del programa<\/p>\n\n\n\n<p>Adem\u00e1s, al utilizar la plataforma, tambi\u00e9n proporcionar\u00e1 informaci\u00f3n de registro de actividad y registros de acceso, tales como: actividad del usuario e intentos de inicio de sesi\u00f3n, fecha y hora e IP de origen de los accesos, cambios de registro\/inicio de sesi\u00f3n, cambios de contenido, alteraciones de plug-ins, entre otros.<\/p>\n\n\n\n<h2 class=\"wp-block-heading\">\u00bfC\u00f3mo utilizamos su informaci\u00f3n?<\/h2>\n\n\n\n<p>La informaci\u00f3n recopilada es usada para los siguientes fines:<br>Identificar y autenticar a su usuario para que pueda utilizar la Plataforma;<br>Proporcionarle todos los servicios y funcionalidades de la Plataforma;<br>Operar, evaluar y mejorar la Plataforma y nuestros programas;<br>Proteger, identificar y prevenir el fraude y otras actividades delictivas;<br>Cumplir con los requisitos legales aplicables, as\u00ed como con esta Pol\u00edtica de Privacidad.<\/p>\n\n\n\n<p>Samsung procesa la informaci\u00f3n personal para los fines descriptos anteriormente. Recopilaremos su consentimiento para procesar datos personales de acuerdo con la ley aplicable, a menos que tengamos otra base legal para procesar su informaci\u00f3n sin consentimiento, cuando corresponda, como para cumplir con la ley, las obligaciones reglamentarias y el proceso legal, o para ejecutar un contrato que celebraste con nosotros. La base legal puede variar de un pa\u00eds a otro, pero utilizaremos la base legal proporcionada por la ley de protecci\u00f3n de datos y otras leyes similares en su pa\u00eds.<br>La base legal de Samsung para procesar informaci\u00f3n personal incluye el procesamiento para:<br>(i) cumplir nuestros compromisos con usted, tales como proporcionarle la Plataforma &#8211; ejecuci\u00f3n de un contrato o tr\u00e1mites preliminares (art\u00edculo 7, V de la LGPD);<br>(ii) promover nuestros intereses comerciales (por ejemplo, gestionar nuestra relaci\u00f3n con usted \u2013 inter\u00e9s leg\u00edtimo (art\u00edculo 7, IX de la LGPD);<br>(iii) cumplir con la ley, las obligaciones reglamentarias y los procesos legales (art\u00edculo 7, II, VI de la LGPD); y<br>(iv) Con su consentimiento (art\u00edculo 7, I de la LGPD).<\/p>\n\n\n\n<h2 class=\"wp-block-heading\">\u00bfCon qui\u00e9n compartimos su informaci\u00f3n?<\/h2>\n\n\n\n<p>Divulgaremos su informaci\u00f3n internamente y a las entidades a continuaci\u00f3n, pero solo para los fines establecidos anteriormente.<br>Filiales: otras empresas del grupo Samsung Electronics;<br>Proveedores de servicios: empresas cuidadosamente seleccionadas que nos brindan servicios a nosotros o en nuestro nombre; como, por ejemplo, el proveedor de servicios t\u00e9cnicos y operativos responsable de la Plataforma. Estos proveedores tambi\u00e9n se comprometen a proteger su informaci\u00f3n.<br>Otras partes cuando lo requiera la ley o seg\u00fan sea necesario para proteger nuestro negocio: por ejemplo, puede ser necesario por ley, proceso legal u orden judicial de las autoridades gubernamentales para divulgar su informaci\u00f3n. Tambi\u00e9n pueden solicitarnos su informaci\u00f3n con fines de aplicaci\u00f3n de la ley, seguridad nacional, lucha contra el terrorismo u otros fines de seguridad p\u00fablica.<br>Otras partes en relaci\u00f3n con transacciones corporativas: podemos divulgar su informaci\u00f3n a terceros como parte de una fusi\u00f3n o transferencia, adquisici\u00f3n o venta, o en caso de quiebra.<br>Otras partes con su consentimiento o petici\u00f3n suya: adem\u00e1s de las divulgaciones descritas en esta Pol\u00edtica de privacidad, podemos compartir informaci\u00f3n sobre usted con terceros cuando usted da su consentimiento o solicita por separado dicho intercambio.<br>Los env\u00edos y publicaciones que realice dentro de la Plataforma pueden ser vistos por otros usuarios. No controlamos ni somos responsables de c\u00f3mo otros usuarios de la Plataforma puedan usar esta informaci\u00f3n. Por ejemplo, la informaci\u00f3n personal que se env\u00eda en \u00e1reas p\u00fablicas de la Plataforma puede ser recopilada y utilizada por otros.<\/p>\n\n\n\n<h2 class=\"wp-block-heading\">\u00bfC\u00f3mo mantenemos sus datos seguros?<\/h2>\n\n\n\n<p>Implementamos medidas f\u00edsicas y t\u00e9cnicas razonables para proteger la informaci\u00f3n que recopilamos en relaci\u00f3n con la Plataforma. Sin embargo, tenga en cuenta que, a pesar de tomar medidas razonables para proteger su informaci\u00f3n, ning\u00fan sitio web, transmisi\u00f3n por Internet, sistema inform\u00e1tico o conexi\u00f3n inal\u00e1mbrica es completamente seguro.<\/p>\n\n\n\n<h2 class=\"wp-block-heading\">\u00bfD\u00f3nde enviamos tus datos?<\/h2>\n\n\n\n<p>Para los fines se\u00f1alados en esta Pol\u00edtica de privacidad, los datos recopilados del Usuario pueden transferirse, almacenarse o procesarse de otra manera en una ubicaci\u00f3n fuera de Brasil, incluidos, en particular, Corea del Sur, Estados Unidos de Am\u00e9rica, Argentina, Brasil, Chile, Colombia, Costa Rica, Ecuador, El Salvador, Guatemala, Honduras, M\u00e9xico, Nicaragua, Panam\u00e1, Paraguay, Per\u00fa, Rep\u00fablica Dominicana, Uruguay y Venezuela. Tenga en cuenta que la protecci\u00f3n de datos y otras leyes de los pa\u00edses a los que se puede transferir su informaci\u00f3n pueden no ser tan completas como las del suyo. Al utilizar la Plataforma, el Usuario acepta esta transferencia, almacenamiento o procesamiento de datos personales en el extranjero. Tomaremos todas las medidas razonablemente necesarias para garantizar que sus datos se traten de forma segura y de acuerdo con esta Pol\u00edtica de privacidad. Para obtener m\u00e1s informaci\u00f3n sobre las medidas de seguridad que tomamos para garantizar la transferencia legal de sus datos a otros pa\u00edses, comun\u00edquese con nosotros utilizando los canales mencionados en esta Pol\u00edtica de privacidad.<\/p>\n\n\n\n<h2 class=\"wp-block-heading\">\u00bfCu\u00e1les son tus derechos?<\/h2>\n\n\n\n<p>Su informaci\u00f3n personal le pertenece. Puede pedirnos que proporcionemos detalles sobre lo que recopilamos y puede pedirnos que eliminemos o corrijamos cualquier inexactitud. Tambi\u00e9n puede solicitarnos que restrinjamos o limitemos el procesamiento, intercambio o transferencia de su informaci\u00f3n personal, as\u00ed como tambi\u00e9n que le brindemos su informaci\u00f3n personal recopilada para que pueda usarla para sus propios fines.<\/p>\n\n\n\n<p>No obstante, incluso en caso de revocaci\u00f3n del consentimiento otorgado por usted para el tratamiento de determinados datos personales, podremos mantener el tratamiento de dichos datos personales, en los siguientes casos: (i) en caso de diferente base jur\u00eddica para el tratamiento de los datos; o (ii) para cumplir con una obligaci\u00f3n legal.<\/p>\n\n\n\n<p>How long do we keep your information?<\/p>\n\n\n\n<h2 class=\"wp-block-heading\">\u00bfCu\u00e1nto tiempo conservamos su informaci\u00f3n?<\/h2>\n\n\n\n<p>No conservaremos su informaci\u00f3n personal m\u00e1s tiempo del necesario para los fines para los que fue recopilada. Esto significa que la informaci\u00f3n ser\u00e1 destruida o eliminada de nuestros sistemas cuando ya no sea necesaria.<\/p>\n\n\n\n<p>Tomamos las medidas adecuadas para garantizar que procesamos y conservamos la informaci\u00f3n en funci\u00f3n de la siguiente l\u00f3gica:<br>Durante el tiempo necesario para lograr los fines para los que fueron recolectados y tratados.<br>Seg\u00fan lo requiera la ley, un contrato o en relaci\u00f3n a nuestras obligaciones legales; o m\u00e1s tiempo si lo exige el contrato o ley aplicable.<br>Solo durante el tiempo que sea necesario para el fin para el que se recopilaron o procesaron; o m\u00e1s tiempo si as\u00ed lo exige un contrato, ley aplicable o con fines estad\u00edsticos, sujeto a las garant\u00edas adecuadas.<\/p>\n\n\n\n<h2 class=\"wp-block-heading\">Cookies<\/h2>\n\n\n\n<p>Nuestra Plataforma utiliza cookies para distinguirlo de otros usuarios. Esto nos ayuda a brindarle una buena experiencia al navegar por nuestro sitio web y nos permite mejorarlo.<\/p>\n\n\n\n<p>Las cookies son peque\u00f1os archivos de letras y n\u00fameros que almacenamos en su navegador o en el disco duro de su computadora, si est\u00e1 de acuerdo. Las cookies contienen informaci\u00f3n que se transfiere al disco duro de su computadora.<\/p>\n\n\n\n<h2 class=\"wp-block-heading\">Utilizamos las siguientes cookies:<\/h2>\n\n\n\n<p>Cookies estrictamente necesarias. Estas cookies son necesarias para que nuestro sitio web funcione. Incluyen, por ejemplo, cookies que le permiten iniciar sesi\u00f3n en \u00e1reas seguras de nuestro sitio web.<br>Cookies anal\u00edticas o de rendimiento. Esto nos permite reconocer y contar el n\u00famero de visitantes y ver c\u00f3mo se mueven los visitantes por nuestro sitio cuando lo est\u00e1n utilizando. Esto nos ayuda a mejorar la forma en que funciona nuestro sitio web, por ejemplo, al garantizar que los usuarios puedan encontrar lo que buscan f\u00e1cilmente.<br>Cookies de funcionalidad. Se utilizan para identificarlo y reconocerlo cuando regresa a nuestro sitio web. Esto nos permite personalizar nuestro contenido para usted, saludarlo por su nombre y recordar sus preferencias (por ejemplo, su elecci\u00f3n de idioma o regi\u00f3n).<\/p>\n\n\n\n<p>No compartimos la informaci\u00f3n recopilada por las cookies con terceros.<\/p>\n\n\n\n<p>Puede bloquear las cookies activando la configuraci\u00f3n en su navegador que le permite rechazar la configuraci\u00f3n de todas o algunas cookies. Sin embargo, si usa la configuraci\u00f3n de su navegador para bloquear todas las cookies (incluidas las cookies esenciales), no podr\u00e1 acceder a todo o parte de nuestro sitio web.<\/p>\n\n\n\n<p>A excepci\u00f3n de las cookies esenciales, todas las cookies caducan despu\u00e9s de un per\u00edodo m\u00e1ximo de un a\u00f1o.<\/p>\n\n\n\n<h2 class=\"wp-block-heading\">Sus opciones<\/h2>\n\n\n\n<p>Usted, como sujeto de datos, puede tomar decisiones relacionadas con la recopilaci\u00f3n, eliminaci\u00f3n y uso compartido de sus datos personales recopilados y utilizados en la Plataforma, siempre que est\u00e9n respaldados por las leyes aplicables. Sin embargo, si revoca su consentimiento para la recopilaci\u00f3n, el almacenamiento o el intercambio de cierta informaci\u00f3n personal, es posible que no pueda utilizar todas las funciones disponibles en nuestra Plataforma.<\/p>\n\n\n\n<p>Para ejercer sus opciones, cont\u00e1ctenos como se indica en la siguiente secci\u00f3n de esta Pol\u00edtica de privacidad.<\/p>\n\n\n\n<h2 class=\"wp-block-heading\">\u00bfCon qui\u00e9n puede contactar el Usuario en caso de consultas?<\/h2>\n\n\n\n<p>Si el Usuario necesita aclaraciones sobre estos T\u00e9rminos y\/o sobre las pr\u00e1cticas de Samsung, comun\u00edquese con el \u00e1rea responsable de Solve For Tomorrow o env\u00ede un correo electr\u00f3nico a:<\/p>\n\n\n\n<ul class=\"wp-block-list\">\n<li>Correo electr\u00f3nico: sftlatam@samsung.com<\/li>\n<\/ul>\n","protected":false},"excerpt":{"rendered":"<p>Fecha de vigencia: 15 de febrero de 2023. Solve For Tomorrow Latam (\u201cPlataforma\u201d) es una plataforma desarrollada y ofrecida por la Oficina Regional de Samsung Eletr\u00f4nica da Amaz\u00f4nia Ltda. para Am\u00e9rica Latina (\u201cSamsung Latin America Office\u201d), para el Programa de Ciudadan\u00eda Corporativa global de Samsung, Solve for Tomorrow, que tiene como objetivo fortalecer el inter\u00e9s<\/p>\n","protected":false},"author":1,"featured_media":0,"parent":0,"menu_order":0,"comment_status":"closed","ping_status":"closed","template":"","meta":{"_acf_changed":false,"footnotes":""},"class_list":["post-6412","page","type-page","status-publish","hentry"],"acf":[],"yoast_head":"<!-- This site is optimized with the Yoast SEO plugin v27.1.1 - https:\/\/yoast.com\/product\/yoast-seo-wordpress\/ -->\n<title>Pol\u00edtica de Privacidad da la plataforma &quot;Solve for Tomorrow Latam&quot; | Solve for Tomorrow Latam<\/title>\n<meta name=\"robots\" content=\"index, follow, max-snippet:-1, max-image-preview:large, max-video-preview:-1\" \/>\n<link rel=\"canonical\" href=\"https:\/\/solvefortomorrowlatam.com\/es\/politica-de-privacidad\/\" \/>\n<meta property=\"og:locale\" content=\"es_ES\" \/>\n<meta property=\"og:type\" content=\"article\" \/>\n<meta property=\"og:title\" content=\"Pol\u00edtica de Privacidad da la plataforma &quot;Solve for Tomorrow Latam&quot; | Solve for Tomorrow Latam\" \/>\n<meta property=\"og:description\" content=\"Fecha de vigencia: 15 de febrero de 2023. Solve For Tomorrow Latam (\u201cPlataforma\u201d) es una plataforma desarrollada y ofrecida por la Oficina Regional de Samsung Eletr\u00f4nica da Amaz\u00f4nia Ltda. para Am\u00e9rica Latina (\u201cSamsung Latin America Office\u201d), para el Programa de Ciudadan\u00eda Corporativa global de Samsung, Solve for Tomorrow, que tiene como objetivo fortalecer el inter\u00e9s\" \/>\n<meta property=\"og:url\" content=\"https:\/\/solvefortomorrowlatam.com\/es\/politica-de-privacidad\/\" \/>\n<meta property=\"og:site_name\" content=\"Solve for Tomorrow Latam\" \/>\n<meta property=\"article:modified_time\" content=\"2023-03-30T19:35:34+00:00\" \/>\n<meta name=\"twitter:card\" content=\"summary_large_image\" \/>\n<meta name=\"twitter:label1\" content=\"Est. reading time\" \/>\n\t<meta name=\"twitter:data1\" content=\"10 minutes\" \/>\n<script type=\"application\/ld+json\" class=\"yoast-schema-graph\">{\"@context\":\"https:\/\/schema.org\",\"@graph\":[{\"@type\":\"WebPage\",\"@id\":\"https:\/\/solvefortomorrowlatam.com\/es\/politica-de-privacidad\/\",\"url\":\"https:\/\/solvefortomorrowlatam.com\/es\/politica-de-privacidad\/\",\"name\":\"Pol\u00edtica de Privacidad da la plataforma \\\"Solve for Tomorrow Latam\\\" | Solve for Tomorrow Latam\",\"isPartOf\":{\"@id\":\"https:\/\/solvefortomorrowlatam.com\/es\/#website\"},\"datePublished\":\"2022-07-15T04:03:42+00:00\",\"dateModified\":\"2023-03-30T19:35:34+00:00\",\"breadcrumb\":{\"@id\":\"https:\/\/solvefortomorrowlatam.com\/es\/politica-de-privacidad\/#breadcrumb\"},\"inLanguage\":\"es-ES\",\"potentialAction\":[{\"@type\":\"ReadAction\",\"target\":[\"https:\/\/solvefortomorrowlatam.com\/es\/politica-de-privacidad\/\"]}]},{\"@type\":\"BreadcrumbList\",\"@id\":\"https:\/\/solvefortomorrowlatam.com\/es\/politica-de-privacidad\/#breadcrumb\",\"itemListElement\":[{\"@type\":\"ListItem\",\"position\":1,\"name\":\"Home\",\"item\":\"https:\/\/solvefortomorrowlatam.com\/es\/\"},{\"@type\":\"ListItem\",\"position\":2,\"name\":\"Pol\u00edtica de Privacidad da la plataforma &#8220;Solve for Tomorrow Latam&#8221;\"}]},{\"@type\":\"WebSite\",\"@id\":\"https:\/\/solvefortomorrowlatam.com\/es\/#website\",\"url\":\"https:\/\/solvefortomorrowlatam.com\/es\/\",\"name\":\"Solve for Tomorrow Latam\",\"description\":\"A\u00e7\u00f5es educativas para empoderar jovens na transforma\u00e7\u00e3o da sociedade\",\"publisher\":{\"@id\":\"https:\/\/solvefortomorrowlatam.com\/es\/#organization\"},\"potentialAction\":[{\"@type\":\"SearchAction\",\"target\":{\"@type\":\"EntryPoint\",\"urlTemplate\":\"https:\/\/solvefortomorrowlatam.com\/es\/?s={search_term_string}\"},\"query-input\":{\"@type\":\"PropertyValueSpecification\",\"valueRequired\":true,\"valueName\":\"search_term_string\"}}],\"inLanguage\":\"es-ES\"},{\"@type\":\"Organization\",\"@id\":\"https:\/\/solvefortomorrowlatam.com\/es\/#organization\",\"name\":\"Samsung Solve for Tomorrow Latam\",\"url\":\"https:\/\/solvefortomorrowlatam.com\/es\/\",\"logo\":{\"@type\":\"ImageObject\",\"inLanguage\":\"es-ES\",\"@id\":\"https:\/\/solvefortomorrowlatam.com\/es\/#\/schema\/logo\/image\/\",\"url\":\"https:\/\/solvefortomorrowlatam.com\/wp-content\/uploads\/2022\/08\/cropped-favicon.png\",\"contentUrl\":\"https:\/\/solvefortomorrowlatam.com\/wp-content\/uploads\/2022\/08\/cropped-favicon.png\",\"width\":512,\"height\":512,\"caption\":\"Samsung Solve for Tomorrow Latam\"},\"image\":{\"@id\":\"https:\/\/solvefortomorrowlatam.com\/es\/#\/schema\/logo\/image\/\"}}]}<\/script>\n<!-- \/ Yoast SEO plugin. -->","yoast_head_json":{"title":"Pol\u00edtica de Privacidad da la plataforma \"Solve for Tomorrow Latam\" | Solve for Tomorrow Latam","robots":{"index":"index","follow":"follow","max-snippet":"max-snippet:-1","max-image-preview":"max-image-preview:large","max-video-preview":"max-video-preview:-1"},"canonical":"https:\/\/solvefortomorrowlatam.com\/es\/politica-de-privacidad\/","og_locale":"es_ES","og_type":"article","og_title":"Pol\u00edtica de Privacidad da la plataforma \"Solve for Tomorrow Latam\" | Solve for Tomorrow Latam","og_description":"Fecha de vigencia: 15 de febrero de 2023. Solve For Tomorrow Latam (\u201cPlataforma\u201d) es una plataforma desarrollada y ofrecida por la Oficina Regional de Samsung Eletr\u00f4nica da Amaz\u00f4nia Ltda. para Am\u00e9rica Latina (\u201cSamsung Latin America Office\u201d), para el Programa de Ciudadan\u00eda Corporativa global de Samsung, Solve for Tomorrow, que tiene como objetivo fortalecer el inter\u00e9s","og_url":"https:\/\/solvefortomorrowlatam.com\/es\/politica-de-privacidad\/","og_site_name":"Solve for Tomorrow Latam","article_modified_time":"2023-03-30T19:35:34+00:00","twitter_card":"summary_large_image","twitter_misc":{"Est. reading time":"10 minutes"},"schema":{"@context":"https:\/\/schema.org","@graph":[{"@type":"WebPage","@id":"https:\/\/solvefortomorrowlatam.com\/es\/politica-de-privacidad\/","url":"https:\/\/solvefortomorrowlatam.com\/es\/politica-de-privacidad\/","name":"Pol\u00edtica de Privacidad da la plataforma \"Solve for Tomorrow Latam\" | Solve for Tomorrow Latam","isPartOf":{"@id":"https:\/\/solvefortomorrowlatam.com\/es\/#website"},"datePublished":"2022-07-15T04:03:42+00:00","dateModified":"2023-03-30T19:35:34+00:00","breadcrumb":{"@id":"https:\/\/solvefortomorrowlatam.com\/es\/politica-de-privacidad\/#breadcrumb"},"inLanguage":"es-ES","potentialAction":[{"@type":"ReadAction","target":["https:\/\/solvefortomorrowlatam.com\/es\/politica-de-privacidad\/"]}]},{"@type":"BreadcrumbList","@id":"https:\/\/solvefortomorrowlatam.com\/es\/politica-de-privacidad\/#breadcrumb","itemListElement":[{"@type":"ListItem","position":1,"name":"Home","item":"https:\/\/solvefortomorrowlatam.com\/es\/"},{"@type":"ListItem","position":2,"name":"Pol\u00edtica de Privacidad da la plataforma &#8220;Solve for Tomorrow Latam&#8221;"}]},{"@type":"WebSite","@id":"https:\/\/solvefortomorrowlatam.com\/es\/#website","url":"https:\/\/solvefortomorrowlatam.com\/es\/","name":"Solve for Tomorrow Latam","description":"A\u00e7\u00f5es educativas para empoderar jovens na transforma\u00e7\u00e3o da sociedade","publisher":{"@id":"https:\/\/solvefortomorrowlatam.com\/es\/#organization"},"potentialAction":[{"@type":"SearchAction","target":{"@type":"EntryPoint","urlTemplate":"https:\/\/solvefortomorrowlatam.com\/es\/?s={search_term_string}"},"query-input":{"@type":"PropertyValueSpecification","valueRequired":true,"valueName":"search_term_string"}}],"inLanguage":"es-ES"},{"@type":"Organization","@id":"https:\/\/solvefortomorrowlatam.com\/es\/#organization","name":"Samsung Solve for Tomorrow Latam","url":"https:\/\/solvefortomorrowlatam.com\/es\/","logo":{"@type":"ImageObject","inLanguage":"es-ES","@id":"https:\/\/solvefortomorrowlatam.com\/es\/#\/schema\/logo\/image\/","url":"https:\/\/solvefortomorrowlatam.com\/wp-content\/uploads\/2022\/08\/cropped-favicon.png","contentUrl":"https:\/\/solvefortomorrowlatam.com\/wp-content\/uploads\/2022\/08\/cropped-favicon.png","width":512,"height":512,"caption":"Samsung Solve for Tomorrow Latam"},"image":{"@id":"https:\/\/solvefortomorrowlatam.com\/es\/#\/schema\/logo\/image\/"}}]}},"_links":{"self":[{"href":"https:\/\/solvefortomorrowlatam.com\/es\/wp-json\/wp\/v2\/pages\/6412","targetHints":{"allow":["GET"]}}],"collection":[{"href":"https:\/\/solvefortomorrowlatam.com\/es\/wp-json\/wp\/v2\/pages"}],"about":[{"href":"https:\/\/solvefortomorrowlatam.com\/es\/wp-json\/wp\/v2\/types\/page"}],"author":[{"embeddable":true,"href":"https:\/\/solvefortomorrowlatam.com\/es\/wp-json\/wp\/v2\/users\/1"}],"replies":[{"embeddable":true,"href":"https:\/\/solvefortomorrowlatam.com\/es\/wp-json\/wp\/v2\/comments?post=6412"}],"version-history":[{"count":0,"href":"https:\/\/solvefortomorrowlatam.com\/es\/wp-json\/wp\/v2\/pages\/6412\/revisions"}],"wp:attachment":[{"href":"https:\/\/solvefortomorrowlatam.com\/es\/wp-json\/wp\/v2\/media?parent=6412"}],"curies":[{"name":"wp","href":"https:\/\/api.w.org\/{rel}","templated":true}]}}